{"id":4134,"date":"2021-01-01T21:20:37","date_gmt":"2021-01-01T20:20:37","guid":{"rendered":"https:\/\/www.antikvariat-vodnik.si\/?post_type=product&#038;p=4134"},"modified":"2024-12-02T13:21:09","modified_gmt":"2024-12-02T12:21:09","slug":"kdo-je-napravil-vidku-srajcico-fran-levstik-slikanica","status":"publish","type":"product","link":"https:\/\/www.antikvariat-vodnik.si\/?product=kdo-je-napravil-vidku-srajcico-fran-levstik-slikanica","title":{"rendered":"Kdo je napravil Vidku sraj\u010dico, Fran Levstik &#8211; SLIKANICA"},"content":{"rendered":"<div class=\"dialog-off-canvas-main-canvas\" data-off-canvas-main-canvas=\"\"><main id=\"core\" role=\"main\"><\/p>\n<div id=\"body\">\n<div id=\"block-mainpagecontent\" class=\"block block-system block-system-main-block\">\n<div class=\"book--single node node--type-book node--view-mode-full\" role=\"article\">\n<div class=\"book--single--wrapper\">\n<div class=\"book--presentation\">\n<div class=\"presentation--wrapper\">\n<div class=\"presentation--right\">\n<div class=\"book--description\">\n<div class=\"description--wrapper\">\n<div class=\"content--paragraph\">\n<p>\u017divela je svoje dni uboga vdova, ki je imela sedem otrok, enega manj\u0161ega od drugega, ali jesti so morali vsi. Od zore do mraka je morala mati slu\u017eiti vsakdanji kruh.\u00a0Le ob dolgih zimskih ve\u010derih je imela toliko \u010dasa, da je naredila otrokom sraj\u010dice, da bi ne hodili goli po svetu &#8230;<\/p>\n<\/div>\n<\/div>\n<\/div>\n<\/div>\n<\/div>\n<\/div>\n<\/div>\n<\/div>\n<\/div>\n<\/div>\n<p><\/main><\/div>\n","protected":false},"excerpt":{"rendered":"<p>\u017divela je svoje dni uboga vdova, ki je imela sedem otrok, enega manj\u0161ega od drugega, ali jesti so morali vsi. Od zore do mraka je morala mati slu\u017eiti vsakdanji kruh.\u00a0Le ob dolgih zimskih ve\u010derih je imela toliko \u010dasa, da je naredila otrokom sraj\u010dice, da bi ne hodili goli po svetu &#8230;<\/p>\n","protected":false},"featured_media":4135,"template":"","meta":{"_monsterinsights_skip_tracking":false,"_monsterinsights_sitenote_active":false,"_monsterinsights_sitenote_note":"","_monsterinsights_sitenote_category":0},"product_brand":[],"product_cat":[16,40],"product_tag":[],"class_list":{"0":"post-4134","1":"product","2":"type-product","3":"status-publish","4":"has-post-thumbnail","6":"product_cat-katalog-knjig","7":"product_cat-otroska-mladinska-literatura","9":"first","10":"instock","11":"taxable","12":"shipping-taxable","13":"purchasable","14":"product-type-simple"},"jetpack_sharing_enabled":true,"_links":{"self":[{"href":"https:\/\/www.antikvariat-vodnik.si\/index.php?rest_route=\/wp\/v2\/product\/4134","targetHints":{"allow":["GET"]}}],"collection":[{"href":"https:\/\/www.antikvariat-vodnik.si\/index.php?rest_route=\/wp\/v2\/product"}],"about":[{"href":"https:\/\/www.antikvariat-vodnik.si\/index.php?rest_route=\/wp\/v2\/types\/product"}],"wp:featuredmedia":[{"embeddable":true,"href":"https:\/\/www.antikvariat-vodnik.si\/index.php?rest_route=\/wp\/v2\/media\/4135"}],"wp:attachment":[{"href":"https:\/\/www.antikvariat-vodnik.si\/index.php?rest_route=%2Fwp%2Fv2%2Fmedia&parent=4134"}],"wp:term":[{"taxonomy":"product_brand","embeddable":true,"href":"https:\/\/www.antikvariat-vodnik.si\/index.php?rest_route=%2Fwp%2Fv2%2Fproduct_brand&post=4134"},{"taxonomy":"product_cat","embeddable":true,"href":"https:\/\/www.antikvariat-vodnik.si\/index.php?rest_route=%2Fwp%2Fv2%2Fproduct_cat&post=4134"},{"taxonomy":"product_tag","embeddable":true,"href":"https:\/\/www.antikvariat-vodnik.si\/index.php?rest_route=%2Fwp%2Fv2%2Fproduct_tag&post=4134"}],"curies":[{"name":"wp","href":"https:\/\/api.w.org\/{rel}","templated":true}]}}