{"id":40762,"date":"2023-05-26T16:07:54","date_gmt":"2023-05-26T14:07:54","guid":{"rendered":"https:\/\/www.antikvariat-vodnik.si\/?post_type=product&#038;p=40762"},"modified":"2023-12-15T14:04:34","modified_gmt":"2023-12-15T13:04:34","slug":"hiska-majhna-kot-miska-julia-donaldson","status":"publish","type":"product","link":"https:\/\/www.antikvariat-vodnik.si\/?product=hiska-majhna-kot-miska-julia-donaldson","title":{"rendered":"Hi\u0161ka, majhna kot mi\u0161ka, Julia Donaldson"},"content":{"rendered":"<section id=\"MainProduct-template--17834482041121__main\" class=\"page-width section-template--17834482041121__main-padding\" data-section=\"template--17834482041121__main\">\n<div class=\"product product--small tw-flex !tw-gap-[60px] tw-justify-between max-lg:tw-flex-col product--thumbnail_slider\">\n<div class=\"max-lg:tw-w-full tw-w-[60%]\">\n<div id=\"ProductInfo-template--17834482041121__main\" class=\"product__info-container product__info-container--sticky\">\n<div id=\"opis\" class=\"product__description rte quick-add-hidden tw-border-whisper tw-pb-10 tw-border-b\">\n<p>Slikanica Hi\u0161ka, majhna kot mi\u0161ka je prvi skupni projekt ustvarjalne dvojice Julie Donaldson in Axla Schefflerja in je v izvirniku iz\u0161la \u017ee leta 1993. V njej je spretno in prikupno predelan znani motiv majhne hi\u0161ice, v kateri se njena prebivalka, stara \u017eeni\u010dka, po\u010duti utesnjeno \u2026<\/p>\n<p>&nbsp;<\/p>\n<p>Po nasvetu modrega star\u010dka \u017eeni\u010dka vanjo sprva naseli koko\u0161ko, kozo, pujsa in nazadnje celo kravo, nato pa, popolnoma obupana zaradi gne\u010de, ki je nastala, nove prebivalce enega za drugim znova izseli. In kot po \u010dude\u017eu se sre\u010dni starki hi\u0161ka, ko je ponovno prazna, sploh ne zdi ve\u010d majhna, temve\u010d prav velika. Velikanska.<\/p>\n<\/div>\n<\/div>\n<\/div>\n<\/div>\n<\/section>\n","protected":false},"excerpt":{"rendered":"<p>Slikanica Hi\u0161ka, majhna kot mi\u0161ka je prvi skupni projekt ustvarjalne dvojice Julie Donaldson in Axla Schefflerja in je v izvirniku iz\u0161la \u017ee leta 1993. V njej je spretno in prikupno predelan znani motiv majhne hi\u0161ice, v kateri se njena prebivalka, stara \u017eeni\u010dka, po\u010duti utesnjeno \u2026 &nbsp; Po nasvetu modrega star\u010dka \u017eeni\u010dka vanjo sprva naseli koko\u0161ko, [&hellip;]<\/p>\n","protected":false},"featured_media":40763,"template":"","meta":{"_monsterinsights_skip_tracking":false,"_monsterinsights_sitenote_active":false,"_monsterinsights_sitenote_note":"","_monsterinsights_sitenote_category":0},"product_brand":[],"product_cat":[16,18,40],"product_tag":[],"class_list":{"0":"post-40762","1":"product","2":"type-product","3":"status-publish","4":"has-post-thumbnail","6":"product_cat-katalog-knjig","7":"product_cat-nove-knjige","8":"product_cat-otroska-mladinska-literatura","10":"first","11":"instock","12":"taxable","13":"shipping-taxable","14":"purchasable","15":"product-type-simple"},"jetpack_sharing_enabled":true,"_links":{"self":[{"href":"https:\/\/www.antikvariat-vodnik.si\/index.php?rest_route=\/wp\/v2\/product\/40762","targetHints":{"allow":["GET"]}}],"collection":[{"href":"https:\/\/www.antikvariat-vodnik.si\/index.php?rest_route=\/wp\/v2\/product"}],"about":[{"href":"https:\/\/www.antikvariat-vodnik.si\/index.php?rest_route=\/wp\/v2\/types\/product"}],"wp:featuredmedia":[{"embeddable":true,"href":"https:\/\/www.antikvariat-vodnik.si\/index.php?rest_route=\/wp\/v2\/media\/40763"}],"wp:attachment":[{"href":"https:\/\/www.antikvariat-vodnik.si\/index.php?rest_route=%2Fwp%2Fv2%2Fmedia&parent=40762"}],"wp:term":[{"taxonomy":"product_brand","embeddable":true,"href":"https:\/\/www.antikvariat-vodnik.si\/index.php?rest_route=%2Fwp%2Fv2%2Fproduct_brand&post=40762"},{"taxonomy":"product_cat","embeddable":true,"href":"https:\/\/www.antikvariat-vodnik.si\/index.php?rest_route=%2Fwp%2Fv2%2Fproduct_cat&post=40762"},{"taxonomy":"product_tag","embeddable":true,"href":"https:\/\/www.antikvariat-vodnik.si\/index.php?rest_route=%2Fwp%2Fv2%2Fproduct_tag&post=40762"}],"curies":[{"name":"wp","href":"https:\/\/api.w.org\/{rel}","templated":true}]}}