{"id":40760,"date":"2023-05-26T16:06:35","date_gmt":"2023-05-26T14:06:35","guid":{"rendered":"https:\/\/www.antikvariat-vodnik.si\/?post_type=product&#038;p=40760"},"modified":"2026-03-12T13:57:29","modified_gmt":"2026-03-12T12:57:29","slug":"kekec-in-pehta-josip-vandot","status":"publish","type":"product","link":"https:\/\/www.antikvariat-vodnik.si\/?product=kekec-in-pehta-josip-vandot","title":{"rendered":"Kekec in Pehta, Josip Vandot"},"content":{"rendered":"<p>V tej zimzeleni otro\u0161ki pripovedi Kekec spozna Ro\u017eleta in njegovo slepo sestro Mojco, a njihove poti se kmalu razidejo. Ro\u017ele mora oditi v planino, Mojco pa ugrabi \u010duda\u0161ka zdravilka Pehta, ki ji pripisujejo coprni\u0161ke lastnosti. Vendar se kmalu izka\u017ee, da ima Pehta tudi mehkej\u0161o plat \u2026<\/p>\n","protected":false},"excerpt":{"rendered":"<p>V tej zimzeleni otro\u0161ki pripovedi Kekec spozna Ro\u017eleta in njegovo slepo sestro Mojco, a njihove poti se kmalu razidejo. Ro\u017ele mora oditi v planino, Mojco pa ugrabi \u010duda\u0161ka zdravilka Pehta, ki ji pripisujejo coprni\u0161ke lastnosti. Vendar se kmalu izka\u017ee, da ima Pehta tudi mehkej\u0161o plat \u2026<\/p>\n","protected":false},"featured_media":40761,"template":"","meta":{"_monsterinsights_skip_tracking":false,"_monsterinsights_sitenote_active":false,"_monsterinsights_sitenote_note":"","_monsterinsights_sitenote_category":0},"product_brand":[],"product_cat":[16,18,40],"product_tag":[],"class_list":{"0":"post-40760","1":"product","2":"type-product","3":"status-publish","4":"has-post-thumbnail","6":"product_cat-katalog-knjig","7":"product_cat-nove-knjige","8":"product_cat-otroska-mladinska-literatura","10":"first","11":"instock","12":"taxable","13":"shipping-taxable","14":"purchasable","15":"product-type-simple"},"jetpack_sharing_enabled":true,"_links":{"self":[{"href":"https:\/\/www.antikvariat-vodnik.si\/index.php?rest_route=\/wp\/v2\/product\/40760","targetHints":{"allow":["GET"]}}],"collection":[{"href":"https:\/\/www.antikvariat-vodnik.si\/index.php?rest_route=\/wp\/v2\/product"}],"about":[{"href":"https:\/\/www.antikvariat-vodnik.si\/index.php?rest_route=\/wp\/v2\/types\/product"}],"wp:featuredmedia":[{"embeddable":true,"href":"https:\/\/www.antikvariat-vodnik.si\/index.php?rest_route=\/wp\/v2\/media\/40761"}],"wp:attachment":[{"href":"https:\/\/www.antikvariat-vodnik.si\/index.php?rest_route=%2Fwp%2Fv2%2Fmedia&parent=40760"}],"wp:term":[{"taxonomy":"product_brand","embeddable":true,"href":"https:\/\/www.antikvariat-vodnik.si\/index.php?rest_route=%2Fwp%2Fv2%2Fproduct_brand&post=40760"},{"taxonomy":"product_cat","embeddable":true,"href":"https:\/\/www.antikvariat-vodnik.si\/index.php?rest_route=%2Fwp%2Fv2%2Fproduct_cat&post=40760"},{"taxonomy":"product_tag","embeddable":true,"href":"https:\/\/www.antikvariat-vodnik.si\/index.php?rest_route=%2Fwp%2Fv2%2Fproduct_tag&post=40760"}],"curies":[{"name":"wp","href":"https:\/\/api.w.org\/{rel}","templated":true}]}}