{"id":40646,"date":"2023-05-24T16:06:14","date_gmt":"2023-05-24T14:06:14","guid":{"rendered":"https:\/\/www.antikvariat-vodnik.si\/?post_type=product&#038;p=40646"},"modified":"2024-11-28T19:09:59","modified_gmt":"2024-11-28T18:09:59","slug":"kc-gleda-pocnita-kar-vam-je-vsec-john-c-parkin","status":"publish","type":"product","link":"https:\/\/www.antikvariat-vodnik.si\/?product=kc-gleda-pocnita-kar-vam-je-vsec-john-c-parkin","title":{"rendered":"K**C GLEDA; PO\u010cNITA KAR VAM JE V\u0160E\u010c, John C. Parkin"},"content":{"rendered":"<p>272 strani, mehka vezava, 23.5 cm, MK, 2017, lepo ohranjena.<\/p>\n","protected":false},"excerpt":{"rendered":"<p>272 strani, mehka vezava, 23.5 cm, MK, 2017, lepo ohranjena.<\/p>\n","protected":false},"featured_media":40647,"template":"","meta":{"_monsterinsights_skip_tracking":false,"_monsterinsights_sitenote_active":false,"_monsterinsights_sitenote_note":"","_monsterinsights_sitenote_category":0},"product_brand":[],"product_cat":[17,16,89,51,26],"product_tag":[],"class_list":{"0":"post-40646","1":"product","2":"type-product","3":"status-publish","4":"has-post-thumbnail","6":"product_cat-antikvarne-knjige","7":"product_cat-katalog-knjig","8":"product_cat-osebna-rast","9":"product_cat-popularna-psihologija-ezoterika","10":"product_cat-prirocniki-uporabne-vede-duhovnost","12":"first","13":"instock","14":"taxable","15":"shipping-taxable","16":"purchasable","17":"product-type-simple"},"jetpack_sharing_enabled":true,"_links":{"self":[{"href":"https:\/\/www.antikvariat-vodnik.si\/index.php?rest_route=\/wp\/v2\/product\/40646","targetHints":{"allow":["GET"]}}],"collection":[{"href":"https:\/\/www.antikvariat-vodnik.si\/index.php?rest_route=\/wp\/v2\/product"}],"about":[{"href":"https:\/\/www.antikvariat-vodnik.si\/index.php?rest_route=\/wp\/v2\/types\/product"}],"wp:featuredmedia":[{"embeddable":true,"href":"https:\/\/www.antikvariat-vodnik.si\/index.php?rest_route=\/wp\/v2\/media\/40647"}],"wp:attachment":[{"href":"https:\/\/www.antikvariat-vodnik.si\/index.php?rest_route=%2Fwp%2Fv2%2Fmedia&parent=40646"}],"wp:term":[{"taxonomy":"product_brand","embeddable":true,"href":"https:\/\/www.antikvariat-vodnik.si\/index.php?rest_route=%2Fwp%2Fv2%2Fproduct_brand&post=40646"},{"taxonomy":"product_cat","embeddable":true,"href":"https:\/\/www.antikvariat-vodnik.si\/index.php?rest_route=%2Fwp%2Fv2%2Fproduct_cat&post=40646"},{"taxonomy":"product_tag","embeddable":true,"href":"https:\/\/www.antikvariat-vodnik.si\/index.php?rest_route=%2Fwp%2Fv2%2Fproduct_tag&post=40646"}],"curies":[{"name":"wp","href":"https:\/\/api.w.org\/{rel}","templated":true}]}}