{"id":40457,"date":"2023-05-22T16:06:10","date_gmt":"2023-05-22T14:06:10","guid":{"rendered":"https:\/\/www.antikvariat-vodnik.si\/?post_type=product&#038;p=40457"},"modified":"2023-05-22T16:07:07","modified_gmt":"2023-05-22T14:07:07","slug":"sodobna-zgodovina-ptuja-v-karikaturi-boris-miocinovic-in-ales-gacnik","status":"publish","type":"product","link":"https:\/\/www.antikvariat-vodnik.si\/?product=sodobna-zgodovina-ptuja-v-karikaturi-boris-miocinovic-in-ales-gacnik","title":{"rendered":"SODOBNA ZGODOVINA PTUJA V KARIKATURI, Boris Mio\u010dinovi\u0107 in Ale\u0161 Ga\u010dnik"},"content":{"rendered":"<p>128 strani, trda vezava, 21.5 cm, UDSS, 2004, lepo ohranjena.<\/p>\n","protected":false},"excerpt":{"rendered":"<p>128 strani, trda vezava, 21.5 cm, UDSS, 2004, lepo ohranjena.<\/p>\n","protected":false},"featured_media":40458,"template":"","meta":{"_monsterinsights_skip_tracking":false,"_monsterinsights_sitenote_active":false,"_monsterinsights_sitenote_note":"","_monsterinsights_sitenote_category":0},"product_brand":[],"product_cat":[17,19,16,29,78,26,77,55,43],"product_tag":[],"class_list":{"0":"post-40457","1":"product","2":"type-product","3":"status-publish","4":"has-post-thumbnail","6":"product_cat-antikvarne-knjige","7":"product_cat-humanistika-druzboslovje","8":"product_cat-katalog-knjig","9":"product_cat-knjige-za-otroke-in-mladino","10":"product_cat-leposlovje-za-mladino-stripi","11":"product_cat-prirocniki-uporabne-vede-duhovnost","12":"product_cat-slikanice-pravljice","13":"product_cat-turizem-gornistvo-alpinizem","14":"product_cat-zgodovina-domoznanstvo","16":"first","17":"instock","18":"taxable","19":"shipping-taxable","20":"purchasable","21":"product-type-simple"},"jetpack_sharing_enabled":true,"_links":{"self":[{"href":"https:\/\/www.antikvariat-vodnik.si\/index.php?rest_route=\/wp\/v2\/product\/40457","targetHints":{"allow":["GET"]}}],"collection":[{"href":"https:\/\/www.antikvariat-vodnik.si\/index.php?rest_route=\/wp\/v2\/product"}],"about":[{"href":"https:\/\/www.antikvariat-vodnik.si\/index.php?rest_route=\/wp\/v2\/types\/product"}],"wp:featuredmedia":[{"embeddable":true,"href":"https:\/\/www.antikvariat-vodnik.si\/index.php?rest_route=\/wp\/v2\/media\/40458"}],"wp:attachment":[{"href":"https:\/\/www.antikvariat-vodnik.si\/index.php?rest_route=%2Fwp%2Fv2%2Fmedia&parent=40457"}],"wp:term":[{"taxonomy":"product_brand","embeddable":true,"href":"https:\/\/www.antikvariat-vodnik.si\/index.php?rest_route=%2Fwp%2Fv2%2Fproduct_brand&post=40457"},{"taxonomy":"product_cat","embeddable":true,"href":"https:\/\/www.antikvariat-vodnik.si\/index.php?rest_route=%2Fwp%2Fv2%2Fproduct_cat&post=40457"},{"taxonomy":"product_tag","embeddable":true,"href":"https:\/\/www.antikvariat-vodnik.si\/index.php?rest_route=%2Fwp%2Fv2%2Fproduct_tag&post=40457"}],"curies":[{"name":"wp","href":"https:\/\/api.w.org\/{rel}","templated":true}]}}