{"id":39999,"date":"2023-05-11T17:15:06","date_gmt":"2023-05-11T15:15:06","guid":{"rendered":"https:\/\/www.antikvariat-vodnik.si\/?post_type=product&#038;p=39999"},"modified":"2023-05-11T17:17:15","modified_gmt":"2023-05-11T15:17:15","slug":"svet-v-preseznikih-karel-in-marjeta-novak","status":"publish","type":"product","link":"https:\/\/www.antikvariat-vodnik.si\/?product=svet-v-preseznikih-karel-in-marjeta-novak","title":{"rendered":"SVET V PRESE\u017dNIKIH, Karel in Marjeta Novak"},"content":{"rendered":"<p>240 strani, trda vezava, \u0161\u010ditni ovitek, 29 cm, MK, 2012, lepo ohranjena.<\/p>\n","protected":false},"excerpt":{"rendered":"<p>240 strani, trda vezava, \u0161\u010ditni ovitek, 29 cm, MK, 2012, lepo ohranjena.<\/p>\n","protected":false},"featured_media":40000,"template":"","meta":{"_monsterinsights_skip_tracking":false,"_monsterinsights_sitenote_active":false,"_monsterinsights_sitenote_note":"","_monsterinsights_sitenote_category":0},"product_brand":[],"product_cat":[17,48,19,16,95,47],"product_tag":[],"class_list":{"0":"post-39999","1":"product","2":"type-product","3":"status-publish","4":"has-post-thumbnail","6":"product_cat-antikvarne-knjige","7":"product_cat-geografija-arheologija","8":"product_cat-humanistika-druzboslovje","9":"product_cat-katalog-knjig","10":"product_cat-kultura-humanistika-druzboslovje","11":"product_cat-slovarji-slovnice-jezikoslovje","13":"first","14":"instock","15":"taxable","16":"shipping-taxable","17":"purchasable","18":"product-type-simple"},"jetpack_sharing_enabled":true,"_links":{"self":[{"href":"https:\/\/www.antikvariat-vodnik.si\/index.php?rest_route=\/wp\/v2\/product\/39999","targetHints":{"allow":["GET"]}}],"collection":[{"href":"https:\/\/www.antikvariat-vodnik.si\/index.php?rest_route=\/wp\/v2\/product"}],"about":[{"href":"https:\/\/www.antikvariat-vodnik.si\/index.php?rest_route=\/wp\/v2\/types\/product"}],"wp:featuredmedia":[{"embeddable":true,"href":"https:\/\/www.antikvariat-vodnik.si\/index.php?rest_route=\/wp\/v2\/media\/40000"}],"wp:attachment":[{"href":"https:\/\/www.antikvariat-vodnik.si\/index.php?rest_route=%2Fwp%2Fv2%2Fmedia&parent=39999"}],"wp:term":[{"taxonomy":"product_brand","embeddable":true,"href":"https:\/\/www.antikvariat-vodnik.si\/index.php?rest_route=%2Fwp%2Fv2%2Fproduct_brand&post=39999"},{"taxonomy":"product_cat","embeddable":true,"href":"https:\/\/www.antikvariat-vodnik.si\/index.php?rest_route=%2Fwp%2Fv2%2Fproduct_cat&post=39999"},{"taxonomy":"product_tag","embeddable":true,"href":"https:\/\/www.antikvariat-vodnik.si\/index.php?rest_route=%2Fwp%2Fv2%2Fproduct_tag&post=39999"}],"curies":[{"name":"wp","href":"https:\/\/api.w.org\/{rel}","templated":true}]}}