{"id":38617,"date":"2023-03-24T18:11:52","date_gmt":"2023-03-24T17:11:52","guid":{"rendered":"https:\/\/www.antikvariat-vodnik.si\/?post_type=product&#038;p=38617"},"modified":"2026-03-11T17:24:16","modified_gmt":"2026-03-11T16:24:16","slug":"nosecnost-prirocnik-za-zacetnike-vec-avtorjev","status":"publish","type":"product","link":"https:\/\/www.antikvariat-vodnik.si\/?product=nosecnost-prirocnik-za-zacetnike-vec-avtorjev","title":{"rendered":"NOSE\u010cNOST; PRIRO\u010cNIK ZA ZA\u010cETNIKE, ve\u010d avtorjev"},"content":{"rendered":"<p>252 strani, trda vezava, 19.5 cm, 2017, kot nova.<\/p>\n","protected":false},"excerpt":{"rendered":"<p>252 strani, trda vezava, 19.5 cm, 2017, kot nova.<\/p>\n","protected":false},"featured_media":38618,"template":"","meta":{"_monsterinsights_skip_tracking":false,"_monsterinsights_sitenote_active":false,"_monsterinsights_sitenote_note":"","_monsterinsights_sitenote_category":0},"product_brand":[],"product_cat":[17,90,16,26,49],"product_tag":[],"class_list":{"0":"post-38617","1":"product","2":"type-product","3":"status-publish","4":"has-post-thumbnail","6":"product_cat-antikvarne-knjige","7":"product_cat-druzina-starsevstvo-vzgoja","8":"product_cat-katalog-knjig","9":"product_cat-prirocniki-uporabne-vede-duhovnost","10":"product_cat-zdravje","12":"first","13":"outofstock","14":"taxable","15":"shipping-taxable","16":"purchasable","17":"product-type-simple"},"jetpack_sharing_enabled":true,"_links":{"self":[{"href":"https:\/\/www.antikvariat-vodnik.si\/index.php?rest_route=\/wp\/v2\/product\/38617","targetHints":{"allow":["GET"]}}],"collection":[{"href":"https:\/\/www.antikvariat-vodnik.si\/index.php?rest_route=\/wp\/v2\/product"}],"about":[{"href":"https:\/\/www.antikvariat-vodnik.si\/index.php?rest_route=\/wp\/v2\/types\/product"}],"wp:featuredmedia":[{"embeddable":true,"href":"https:\/\/www.antikvariat-vodnik.si\/index.php?rest_route=\/wp\/v2\/media\/38618"}],"wp:attachment":[{"href":"https:\/\/www.antikvariat-vodnik.si\/index.php?rest_route=%2Fwp%2Fv2%2Fmedia&parent=38617"}],"wp:term":[{"taxonomy":"product_brand","embeddable":true,"href":"https:\/\/www.antikvariat-vodnik.si\/index.php?rest_route=%2Fwp%2Fv2%2Fproduct_brand&post=38617"},{"taxonomy":"product_cat","embeddable":true,"href":"https:\/\/www.antikvariat-vodnik.si\/index.php?rest_route=%2Fwp%2Fv2%2Fproduct_cat&post=38617"},{"taxonomy":"product_tag","embeddable":true,"href":"https:\/\/www.antikvariat-vodnik.si\/index.php?rest_route=%2Fwp%2Fv2%2Fproduct_tag&post=38617"}],"curies":[{"name":"wp","href":"https:\/\/api.w.org\/{rel}","templated":true}]}}