{"id":38350,"date":"2023-03-17T13:11:10","date_gmt":"2023-03-17T12:11:10","guid":{"rendered":"https:\/\/www.antikvariat-vodnik.si\/?post_type=product&#038;p=38350"},"modified":"2023-03-17T13:17:17","modified_gmt":"2023-03-17T12:17:17","slug":"etnolosko-konservatorstvo-in-varstvo-kulturne-dediscine-na-slovenskem","status":"publish","type":"product","link":"https:\/\/www.antikvariat-vodnik.si\/?product=etnolosko-konservatorstvo-in-varstvo-kulturne-dediscine-na-slovenskem","title":{"rendered":"ETNOLO\u0160KO KONSERVATORSTVO IN VARSTVO KULTURNE DEDI\u0160\u010cINE NA SLOVENSKEM"},"content":{"rendered":"<p>208 strani, mehka vezava, 23.5 cm, Slovensko etnolo\u0161ko dru\u0161tvo, 2013, lepo ohranjena.<\/p>\n","protected":false},"excerpt":{"rendered":"<p>208 strani, mehka vezava, 23.5 cm, Slovensko etnolo\u0161ko dru\u0161tvo, 2013, lepo ohranjena.<\/p>\n","protected":false},"featured_media":38351,"template":"","meta":{"_monsterinsights_skip_tracking":false,"_monsterinsights_sitenote_active":false,"_monsterinsights_sitenote_note":"","_monsterinsights_sitenote_category":0},"product_brand":[],"product_cat":[17,61,45,19,16,58,24,43],"product_tag":[],"class_list":{"0":"post-38350","1":"product","2":"type-product","3":"status-publish","4":"has-post-thumbnail","6":"product_cat-antikvarne-knjige","7":"product_cat-arhitektura-urbanizem","8":"product_cat-etnologija-antropologija","9":"product_cat-humanistika-druzboslovje","10":"product_cat-katalog-knjig","11":"product_cat-o-umetnosti","12":"product_cat-umetnost","13":"product_cat-zgodovina-domoznanstvo","15":"first","16":"instock","17":"taxable","18":"shipping-taxable","19":"purchasable","20":"product-type-simple"},"jetpack_sharing_enabled":true,"_links":{"self":[{"href":"https:\/\/www.antikvariat-vodnik.si\/index.php?rest_route=\/wp\/v2\/product\/38350","targetHints":{"allow":["GET"]}}],"collection":[{"href":"https:\/\/www.antikvariat-vodnik.si\/index.php?rest_route=\/wp\/v2\/product"}],"about":[{"href":"https:\/\/www.antikvariat-vodnik.si\/index.php?rest_route=\/wp\/v2\/types\/product"}],"wp:featuredmedia":[{"embeddable":true,"href":"https:\/\/www.antikvariat-vodnik.si\/index.php?rest_route=\/wp\/v2\/media\/38351"}],"wp:attachment":[{"href":"https:\/\/www.antikvariat-vodnik.si\/index.php?rest_route=%2Fwp%2Fv2%2Fmedia&parent=38350"}],"wp:term":[{"taxonomy":"product_brand","embeddable":true,"href":"https:\/\/www.antikvariat-vodnik.si\/index.php?rest_route=%2Fwp%2Fv2%2Fproduct_brand&post=38350"},{"taxonomy":"product_cat","embeddable":true,"href":"https:\/\/www.antikvariat-vodnik.si\/index.php?rest_route=%2Fwp%2Fv2%2Fproduct_cat&post=38350"},{"taxonomy":"product_tag","embeddable":true,"href":"https:\/\/www.antikvariat-vodnik.si\/index.php?rest_route=%2Fwp%2Fv2%2Fproduct_tag&post=38350"}],"curies":[{"name":"wp","href":"https:\/\/api.w.org\/{rel}","templated":true}]}}