{"id":37482,"date":"2023-02-26T15:49:56","date_gmt":"2023-02-26T14:49:56","guid":{"rendered":"https:\/\/www.antikvariat-vodnik.si\/?post_type=product&#038;p=37482"},"modified":"2023-02-26T15:51:44","modified_gmt":"2023-02-26T14:51:44","slug":"z-vami-bom-na-rajzo-sel-primoz-hieng","status":"publish","type":"product","link":"https:\/\/www.antikvariat-vodnik.si\/?product=z-vami-bom-na-rajzo-sel-primoz-hieng","title":{"rendered":"Z VAMI BOM NA RAJ\u017dO \u0160EL, Primo\u017e Hieng15"},"content":{"rendered":"<p>264 strani, trda vezava, 21,5 cm, Harlekin no.1, 2019, lepo ohranjena<\/p>\n","protected":false},"excerpt":{"rendered":"<p>264 strani, trda vezava, 21,5 cm, Harlekin no.1, 2019, lepo ohranjena<\/p>\n","protected":false},"featured_media":37411,"template":"","meta":{"_monsterinsights_skip_tracking":false,"_monsterinsights_sitenote_active":false,"_monsterinsights_sitenote_note":"","_monsterinsights_sitenote_category":0},"product_brand":[],"product_cat":[17,16,26,55],"product_tag":[],"class_list":{"0":"post-37482","1":"product","2":"type-product","3":"status-publish","4":"has-post-thumbnail","6":"product_cat-antikvarne-knjige","7":"product_cat-katalog-knjig","8":"product_cat-prirocniki-uporabne-vede-duhovnost","9":"product_cat-turizem-gornistvo-alpinizem","11":"first","12":"instock","13":"taxable","14":"shipping-taxable","15":"purchasable","16":"product-type-simple"},"jetpack_sharing_enabled":true,"_links":{"self":[{"href":"https:\/\/www.antikvariat-vodnik.si\/index.php?rest_route=\/wp\/v2\/product\/37482","targetHints":{"allow":["GET"]}}],"collection":[{"href":"https:\/\/www.antikvariat-vodnik.si\/index.php?rest_route=\/wp\/v2\/product"}],"about":[{"href":"https:\/\/www.antikvariat-vodnik.si\/index.php?rest_route=\/wp\/v2\/types\/product"}],"wp:featuredmedia":[{"embeddable":true,"href":"https:\/\/www.antikvariat-vodnik.si\/index.php?rest_route=\/wp\/v2\/media\/37411"}],"wp:attachment":[{"href":"https:\/\/www.antikvariat-vodnik.si\/index.php?rest_route=%2Fwp%2Fv2%2Fmedia&parent=37482"}],"wp:term":[{"taxonomy":"product_brand","embeddable":true,"href":"https:\/\/www.antikvariat-vodnik.si\/index.php?rest_route=%2Fwp%2Fv2%2Fproduct_brand&post=37482"},{"taxonomy":"product_cat","embeddable":true,"href":"https:\/\/www.antikvariat-vodnik.si\/index.php?rest_route=%2Fwp%2Fv2%2Fproduct_cat&post=37482"},{"taxonomy":"product_tag","embeddable":true,"href":"https:\/\/www.antikvariat-vodnik.si\/index.php?rest_route=%2Fwp%2Fv2%2Fproduct_tag&post=37482"}],"curies":[{"name":"wp","href":"https:\/\/api.w.org\/{rel}","templated":true}]}}