{"id":36588,"date":"2023-02-02T15:18:19","date_gmt":"2023-02-02T14:18:19","guid":{"rendered":"https:\/\/www.antikvariat-vodnik.si\/?post_type=product&#038;p=36588"},"modified":"2023-02-02T15:19:05","modified_gmt":"2023-02-02T14:19:05","slug":"zgodovina-romske-knjizevnosti-dr-rajko-djuric-in-jozek-horvat-muc","status":"publish","type":"product","link":"https:\/\/www.antikvariat-vodnik.si\/?product=zgodovina-romske-knjizevnosti-dr-rajko-djuric-in-jozek-horvat-muc","title":{"rendered":"ZGODOVINA ROMSKE KNJI\u017dEVNOSTI, Dr. Rajko Djuri\u0107 in Jo\u017eek Horvat Muc"},"content":{"rendered":"<p>128 strani, mehka vezava, 22.5 cm, Zveza romov Slovenije, 2010, lepo ohranjena.<\/p>\n","protected":false},"excerpt":{"rendered":"<p>128 strani, mehka vezava, 22.5 cm, Zveza romov Slovenije, 2010, lepo ohranjena.<\/p>\n","protected":false},"featured_media":36591,"template":"","meta":{"_monsterinsights_skip_tracking":false,"_monsterinsights_sitenote_active":false,"_monsterinsights_sitenote_note":"","_monsterinsights_sitenote_category":0},"product_brand":[],"product_cat":[17,19,16,46,43],"product_tag":[],"class_list":{"0":"post-36588","1":"product","2":"type-product","3":"status-publish","4":"has-post-thumbnail","6":"product_cat-antikvarne-knjige","7":"product_cat-humanistika-druzboslovje","8":"product_cat-katalog-knjig","9":"product_cat-literarna-teorija","10":"product_cat-zgodovina-domoznanstvo","12":"first","13":"instock","14":"taxable","15":"shipping-taxable","16":"purchasable","17":"product-type-simple"},"jetpack_sharing_enabled":true,"_links":{"self":[{"href":"https:\/\/www.antikvariat-vodnik.si\/index.php?rest_route=\/wp\/v2\/product\/36588","targetHints":{"allow":["GET"]}}],"collection":[{"href":"https:\/\/www.antikvariat-vodnik.si\/index.php?rest_route=\/wp\/v2\/product"}],"about":[{"href":"https:\/\/www.antikvariat-vodnik.si\/index.php?rest_route=\/wp\/v2\/types\/product"}],"wp:featuredmedia":[{"embeddable":true,"href":"https:\/\/www.antikvariat-vodnik.si\/index.php?rest_route=\/wp\/v2\/media\/36591"}],"wp:attachment":[{"href":"https:\/\/www.antikvariat-vodnik.si\/index.php?rest_route=%2Fwp%2Fv2%2Fmedia&parent=36588"}],"wp:term":[{"taxonomy":"product_brand","embeddable":true,"href":"https:\/\/www.antikvariat-vodnik.si\/index.php?rest_route=%2Fwp%2Fv2%2Fproduct_brand&post=36588"},{"taxonomy":"product_cat","embeddable":true,"href":"https:\/\/www.antikvariat-vodnik.si\/index.php?rest_route=%2Fwp%2Fv2%2Fproduct_cat&post=36588"},{"taxonomy":"product_tag","embeddable":true,"href":"https:\/\/www.antikvariat-vodnik.si\/index.php?rest_route=%2Fwp%2Fv2%2Fproduct_tag&post=36588"}],"curies":[{"name":"wp","href":"https:\/\/api.w.org\/{rel}","templated":true}]}}