{"id":35781,"date":"2023-01-16T13:15:42","date_gmt":"2023-01-16T12:15:42","guid":{"rendered":"https:\/\/www.antikvariat-vodnik.si\/?post_type=product&#038;p=35781"},"modified":"2023-01-16T13:16:55","modified_gmt":"2023-01-16T12:16:55","slug":"neonski-pecati-andrej-blatnik","status":"publish","type":"product","link":"https:\/\/www.antikvariat-vodnik.si\/?product=neonski-pecati-andrej-blatnik","title":{"rendered":"NEONSKI PE\u010cATI, Andrej Blatnik"},"content":{"rendered":"<p>312 strani, mehka vezava, 19 cm, Literarno-umetni\u0161\u010do dru\u0161tvop Literatura, 2005, lepo ohranjena.<\/p>\n","protected":false},"excerpt":{"rendered":"<p>312 strani, mehka vezava, 19 cm, Literarno-umetni\u0161\u010do dru\u0161tvop Literatura, 2005, lepo ohranjena.<\/p>\n","protected":false},"featured_media":35782,"template":"","meta":{"_monsterinsights_skip_tracking":false,"_monsterinsights_sitenote_active":false,"_monsterinsights_sitenote_note":"","_monsterinsights_sitenote_category":0},"product_brand":[],"product_cat":[17,19,16,46],"product_tag":[],"class_list":{"0":"post-35781","1":"product","2":"type-product","3":"status-publish","4":"has-post-thumbnail","6":"product_cat-antikvarne-knjige","7":"product_cat-humanistika-druzboslovje","8":"product_cat-katalog-knjig","9":"product_cat-literarna-teorija","11":"first","12":"instock","13":"taxable","14":"shipping-taxable","15":"purchasable","16":"product-type-simple"},"jetpack_sharing_enabled":true,"_links":{"self":[{"href":"https:\/\/www.antikvariat-vodnik.si\/index.php?rest_route=\/wp\/v2\/product\/35781","targetHints":{"allow":["GET"]}}],"collection":[{"href":"https:\/\/www.antikvariat-vodnik.si\/index.php?rest_route=\/wp\/v2\/product"}],"about":[{"href":"https:\/\/www.antikvariat-vodnik.si\/index.php?rest_route=\/wp\/v2\/types\/product"}],"wp:featuredmedia":[{"embeddable":true,"href":"https:\/\/www.antikvariat-vodnik.si\/index.php?rest_route=\/wp\/v2\/media\/35782"}],"wp:attachment":[{"href":"https:\/\/www.antikvariat-vodnik.si\/index.php?rest_route=%2Fwp%2Fv2%2Fmedia&parent=35781"}],"wp:term":[{"taxonomy":"product_brand","embeddable":true,"href":"https:\/\/www.antikvariat-vodnik.si\/index.php?rest_route=%2Fwp%2Fv2%2Fproduct_brand&post=35781"},{"taxonomy":"product_cat","embeddable":true,"href":"https:\/\/www.antikvariat-vodnik.si\/index.php?rest_route=%2Fwp%2Fv2%2Fproduct_cat&post=35781"},{"taxonomy":"product_tag","embeddable":true,"href":"https:\/\/www.antikvariat-vodnik.si\/index.php?rest_route=%2Fwp%2Fv2%2Fproduct_tag&post=35781"}],"curies":[{"name":"wp","href":"https:\/\/api.w.org\/{rel}","templated":true}]}}