{"id":35507,"date":"2023-01-12T17:35:34","date_gmt":"2023-01-12T16:35:34","guid":{"rendered":"https:\/\/www.antikvariat-vodnik.si\/?post_type=product&#038;p=35507"},"modified":"2025-04-08T17:31:58","modified_gmt":"2025-04-08T15:31:58","slug":"resnicna-odsessa-tihotapljenje-nacistov-v-peronovo-argentino-uki-goni","status":"publish","type":"product","link":"https:\/\/www.antikvariat-vodnik.si\/?product=resnicna-odsessa-tihotapljenje-nacistov-v-peronovo-argentino-uki-goni","title":{"rendered":"RESNI\u010cNA ODESSA TIHOTAPLJENJE NACISTOV V PER\u00d3NOVO ARGENTINO, Uki Go\u00f1i"},"content":{"rendered":"<p>358 strani, mehka vezava, 20 cm, CICERON, 2006, lepo ohranjena.<\/p>\n","protected":false},"excerpt":{"rendered":"<p>358 strani, mehka vezava, 20 cm, CICERON, 2006, lepo ohranjena.<\/p>\n","protected":false},"featured_media":35508,"template":"","meta":{"_monsterinsights_skip_tracking":false,"_monsterinsights_sitenote_active":false,"_monsterinsights_sitenote_note":"","_monsterinsights_sitenote_category":0},"product_brand":[],"product_cat":[17,19,16,43],"product_tag":[],"class_list":{"0":"post-35507","1":"product","2":"type-product","3":"status-publish","4":"has-post-thumbnail","6":"product_cat-antikvarne-knjige","7":"product_cat-humanistika-druzboslovje","8":"product_cat-katalog-knjig","9":"product_cat-zgodovina-domoznanstvo","11":"first","12":"instock","13":"taxable","14":"shipping-taxable","15":"purchasable","16":"product-type-simple"},"jetpack_sharing_enabled":true,"_links":{"self":[{"href":"https:\/\/www.antikvariat-vodnik.si\/index.php?rest_route=\/wp\/v2\/product\/35507","targetHints":{"allow":["GET"]}}],"collection":[{"href":"https:\/\/www.antikvariat-vodnik.si\/index.php?rest_route=\/wp\/v2\/product"}],"about":[{"href":"https:\/\/www.antikvariat-vodnik.si\/index.php?rest_route=\/wp\/v2\/types\/product"}],"wp:featuredmedia":[{"embeddable":true,"href":"https:\/\/www.antikvariat-vodnik.si\/index.php?rest_route=\/wp\/v2\/media\/35508"}],"wp:attachment":[{"href":"https:\/\/www.antikvariat-vodnik.si\/index.php?rest_route=%2Fwp%2Fv2%2Fmedia&parent=35507"}],"wp:term":[{"taxonomy":"product_brand","embeddable":true,"href":"https:\/\/www.antikvariat-vodnik.si\/index.php?rest_route=%2Fwp%2Fv2%2Fproduct_brand&post=35507"},{"taxonomy":"product_cat","embeddable":true,"href":"https:\/\/www.antikvariat-vodnik.si\/index.php?rest_route=%2Fwp%2Fv2%2Fproduct_cat&post=35507"},{"taxonomy":"product_tag","embeddable":true,"href":"https:\/\/www.antikvariat-vodnik.si\/index.php?rest_route=%2Fwp%2Fv2%2Fproduct_tag&post=35507"}],"curies":[{"name":"wp","href":"https:\/\/api.w.org\/{rel}","templated":true}]}}