{"id":35254,"date":"2023-01-05T13:43:48","date_gmt":"2023-01-05T12:43:48","guid":{"rendered":"https:\/\/www.antikvariat-vodnik.si\/?post_type=product&#038;p=35254"},"modified":"2023-01-05T13:45:52","modified_gmt":"2023-01-05T12:45:52","slug":"ucitelj-ima-nadzor-martin-powell-jonathan-solity","status":"publish","type":"product","link":"https:\/\/www.antikvariat-vodnik.si\/?product=ucitelj-ima-nadzor-martin-powell-jonathan-solity","title":{"rendered":"U\u010cITELJ IMA NADZOR, Martin Powell &#038; Jonathan Solity"},"content":{"rendered":"<p>168 strani, trda vezava, \u0161\u010ditni ovitek, 22.5 cm, Educa, 1994, lepo ohranjena.<\/p>\n","protected":false},"excerpt":{"rendered":"<p>168 strani, trda vezava, \u0161\u010ditni ovitek, 22.5 cm, Educa, 1994, lepo ohranjena.<\/p>\n","protected":false},"featured_media":35255,"template":"","meta":{"_monsterinsights_skip_tracking":false,"_monsterinsights_sitenote_active":false,"_monsterinsights_sitenote_note":"","_monsterinsights_sitenote_category":0},"product_brand":[],"product_cat":[17,90,16,26],"product_tag":[],"class_list":{"0":"post-35254","1":"product","2":"type-product","3":"status-publish","4":"has-post-thumbnail","6":"product_cat-antikvarne-knjige","7":"product_cat-druzina-starsevstvo-vzgoja","8":"product_cat-katalog-knjig","9":"product_cat-prirocniki-uporabne-vede-duhovnost","11":"first","12":"instock","13":"taxable","14":"shipping-taxable","15":"purchasable","16":"product-type-simple"},"jetpack_sharing_enabled":true,"_links":{"self":[{"href":"https:\/\/www.antikvariat-vodnik.si\/index.php?rest_route=\/wp\/v2\/product\/35254","targetHints":{"allow":["GET"]}}],"collection":[{"href":"https:\/\/www.antikvariat-vodnik.si\/index.php?rest_route=\/wp\/v2\/product"}],"about":[{"href":"https:\/\/www.antikvariat-vodnik.si\/index.php?rest_route=\/wp\/v2\/types\/product"}],"wp:featuredmedia":[{"embeddable":true,"href":"https:\/\/www.antikvariat-vodnik.si\/index.php?rest_route=\/wp\/v2\/media\/35255"}],"wp:attachment":[{"href":"https:\/\/www.antikvariat-vodnik.si\/index.php?rest_route=%2Fwp%2Fv2%2Fmedia&parent=35254"}],"wp:term":[{"taxonomy":"product_brand","embeddable":true,"href":"https:\/\/www.antikvariat-vodnik.si\/index.php?rest_route=%2Fwp%2Fv2%2Fproduct_brand&post=35254"},{"taxonomy":"product_cat","embeddable":true,"href":"https:\/\/www.antikvariat-vodnik.si\/index.php?rest_route=%2Fwp%2Fv2%2Fproduct_cat&post=35254"},{"taxonomy":"product_tag","embeddable":true,"href":"https:\/\/www.antikvariat-vodnik.si\/index.php?rest_route=%2Fwp%2Fv2%2Fproduct_tag&post=35254"}],"curies":[{"name":"wp","href":"https:\/\/api.w.org\/{rel}","templated":true}]}}