{"id":35118,"date":"2022-12-28T13:17:55","date_gmt":"2022-12-28T12:17:55","guid":{"rendered":"https:\/\/www.antikvariat-vodnik.si\/?post_type=product&#038;p=35118"},"modified":"2022-12-28T13:19:11","modified_gmt":"2022-12-28T12:19:11","slug":"islam-in-moderni-zahod-mag-ahmed-pasic","status":"publish","type":"product","link":"https:\/\/www.antikvariat-vodnik.si\/?product=islam-in-moderni-zahod-mag-ahmed-pasic","title":{"rendered":"ISLAM IN MODERNI ZAHOD, mag. Ahmed Pa\u0161i\u0107"},"content":{"rendered":"<p>Integracija islamskih skupnosti v moderne zahodne dru\u017ebe.<\/p>\n<p>112 strani, mehka vezava, 21 cm, Gorenjski tisk, 2006, lepo ohranjena.<\/p>\n","protected":false},"excerpt":{"rendered":"<p>Integracija islamskih skupnosti v moderne zahodne dru\u017ebe. 112 strani, mehka vezava, 21 cm, Gorenjski tisk, 2006, lepo ohranjena.<\/p>\n","protected":false},"featured_media":34928,"template":"","meta":{"_monsterinsights_skip_tracking":false,"_monsterinsights_sitenote_active":false,"_monsterinsights_sitenote_note":"","_monsterinsights_sitenote_category":0},"product_brand":[],"product_cat":[17,19,16,95,96,30],"product_tag":[],"class_list":{"0":"post-35118","1":"product","2":"type-product","3":"status-publish","4":"has-post-thumbnail","6":"product_cat-antikvarne-knjige","7":"product_cat-humanistika-druzboslovje","8":"product_cat-katalog-knjig","9":"product_cat-kultura-humanistika-druzboslovje","10":"product_cat-politika","11":"product_cat-religija","13":"first","14":"instock","15":"taxable","16":"shipping-taxable","17":"purchasable","18":"product-type-simple"},"jetpack_sharing_enabled":true,"_links":{"self":[{"href":"https:\/\/www.antikvariat-vodnik.si\/index.php?rest_route=\/wp\/v2\/product\/35118","targetHints":{"allow":["GET"]}}],"collection":[{"href":"https:\/\/www.antikvariat-vodnik.si\/index.php?rest_route=\/wp\/v2\/product"}],"about":[{"href":"https:\/\/www.antikvariat-vodnik.si\/index.php?rest_route=\/wp\/v2\/types\/product"}],"wp:featuredmedia":[{"embeddable":true,"href":"https:\/\/www.antikvariat-vodnik.si\/index.php?rest_route=\/wp\/v2\/media\/34928"}],"wp:attachment":[{"href":"https:\/\/www.antikvariat-vodnik.si\/index.php?rest_route=%2Fwp%2Fv2%2Fmedia&parent=35118"}],"wp:term":[{"taxonomy":"product_brand","embeddable":true,"href":"https:\/\/www.antikvariat-vodnik.si\/index.php?rest_route=%2Fwp%2Fv2%2Fproduct_brand&post=35118"},{"taxonomy":"product_cat","embeddable":true,"href":"https:\/\/www.antikvariat-vodnik.si\/index.php?rest_route=%2Fwp%2Fv2%2Fproduct_cat&post=35118"},{"taxonomy":"product_tag","embeddable":true,"href":"https:\/\/www.antikvariat-vodnik.si\/index.php?rest_route=%2Fwp%2Fv2%2Fproduct_tag&post=35118"}],"curies":[{"name":"wp","href":"https:\/\/api.w.org\/{rel}","templated":true}]}}