{"id":34222,"date":"2022-12-07T13:26:37","date_gmt":"2022-12-07T12:26:37","guid":{"rendered":"https:\/\/www.antikvariat-vodnik.si\/?post_type=product&#038;p=34222"},"modified":"2026-04-08T21:19:00","modified_gmt":"2026-04-08T19:19:00","slug":"srbskohrvatsko-slovenski-slovar-janko-jurancic","status":"publish","type":"product","link":"https:\/\/www.antikvariat-vodnik.si\/?product=srbskohrvatsko-slovenski-slovar-janko-jurancic","title":{"rendered":"SRBSKOHRVATSKO-SLOVENSKI SLOVAR, Janko Juran\u010di\u010d"},"content":{"rendered":"<p>1352 strani, trda vezava, \u0161\u010ditni ovitek, 24 cm, DZS, 1986, lepo ohranjena.<\/p>\n","protected":false},"excerpt":{"rendered":"<p>1352 strani, trda vezava, \u0161\u010ditni ovitek, 24 cm, DZS, 1986, lepo ohranjena.<\/p>\n","protected":false},"featured_media":34223,"template":"","meta":{"_monsterinsights_skip_tracking":false,"_monsterinsights_sitenote_active":false,"_monsterinsights_sitenote_note":"","_monsterinsights_sitenote_category":0},"product_brand":[],"product_cat":[17,19,16,28,47,75],"product_tag":[],"class_list":{"0":"post-34222","1":"product","2":"type-product","3":"status-publish","4":"has-post-thumbnail","6":"product_cat-antikvarne-knjige","7":"product_cat-humanistika-druzboslovje","8":"product_cat-katalog-knjig","9":"product_cat-knjige-v-tujih-jezikih","10":"product_cat-slovarji-slovnice-jezikoslovje","11":"product_cat-srbski-hrvaski-jezik","13":"first","14":"instock","15":"taxable","16":"shipping-taxable","17":"purchasable","18":"product-type-simple"},"jetpack_sharing_enabled":true,"_links":{"self":[{"href":"https:\/\/www.antikvariat-vodnik.si\/index.php?rest_route=\/wp\/v2\/product\/34222","targetHints":{"allow":["GET"]}}],"collection":[{"href":"https:\/\/www.antikvariat-vodnik.si\/index.php?rest_route=\/wp\/v2\/product"}],"about":[{"href":"https:\/\/www.antikvariat-vodnik.si\/index.php?rest_route=\/wp\/v2\/types\/product"}],"wp:featuredmedia":[{"embeddable":true,"href":"https:\/\/www.antikvariat-vodnik.si\/index.php?rest_route=\/wp\/v2\/media\/34223"}],"wp:attachment":[{"href":"https:\/\/www.antikvariat-vodnik.si\/index.php?rest_route=%2Fwp%2Fv2%2Fmedia&parent=34222"}],"wp:term":[{"taxonomy":"product_brand","embeddable":true,"href":"https:\/\/www.antikvariat-vodnik.si\/index.php?rest_route=%2Fwp%2Fv2%2Fproduct_brand&post=34222"},{"taxonomy":"product_cat","embeddable":true,"href":"https:\/\/www.antikvariat-vodnik.si\/index.php?rest_route=%2Fwp%2Fv2%2Fproduct_cat&post=34222"},{"taxonomy":"product_tag","embeddable":true,"href":"https:\/\/www.antikvariat-vodnik.si\/index.php?rest_route=%2Fwp%2Fv2%2Fproduct_tag&post=34222"}],"curies":[{"name":"wp","href":"https:\/\/api.w.org\/{rel}","templated":true}]}}