{"id":33324,"date":"2022-11-19T15:05:54","date_gmt":"2022-11-19T14:05:54","guid":{"rendered":"https:\/\/www.antikvariat-vodnik.si\/?post_type=product&#038;p=33324"},"modified":"2022-11-19T15:08:48","modified_gmt":"2022-11-19T14:08:48","slug":"slovensko-nemski-slovar-france-tomsic","status":"publish","type":"product","link":"https:\/\/www.antikvariat-vodnik.si\/?product=slovensko-nemski-slovar-france-tomsic","title":{"rendered":"SLOVENSKO-NEM\u0160KI SLOVAR, France Tom\u0161i\u010d"},"content":{"rendered":"<p>768 strani, trda vezava, \u0161\u010ditni ovitek, 20 cm, DZS, 1988, lepo ohranjena<\/p>\n","protected":false},"excerpt":{"rendered":"<p>768 strani, trda vezava, \u0161\u010ditni ovitek, 20 cm, DZS, 1988, lepo ohranjena<\/p>\n","protected":false},"featured_media":33293,"template":"","meta":{"_monsterinsights_skip_tracking":false,"_monsterinsights_sitenote_active":false,"_monsterinsights_sitenote_note":"","_monsterinsights_sitenote_category":0},"product_brand":[],"product_cat":[17,16,47],"product_tag":[],"class_list":{"0":"post-33324","1":"product","2":"type-product","3":"status-publish","4":"has-post-thumbnail","6":"product_cat-antikvarne-knjige","7":"product_cat-katalog-knjig","8":"product_cat-slovarji-slovnice-jezikoslovje","10":"first","11":"instock","12":"taxable","13":"shipping-taxable","14":"purchasable","15":"product-type-simple"},"jetpack_sharing_enabled":true,"_links":{"self":[{"href":"https:\/\/www.antikvariat-vodnik.si\/index.php?rest_route=\/wp\/v2\/product\/33324","targetHints":{"allow":["GET"]}}],"collection":[{"href":"https:\/\/www.antikvariat-vodnik.si\/index.php?rest_route=\/wp\/v2\/product"}],"about":[{"href":"https:\/\/www.antikvariat-vodnik.si\/index.php?rest_route=\/wp\/v2\/types\/product"}],"wp:featuredmedia":[{"embeddable":true,"href":"https:\/\/www.antikvariat-vodnik.si\/index.php?rest_route=\/wp\/v2\/media\/33293"}],"wp:attachment":[{"href":"https:\/\/www.antikvariat-vodnik.si\/index.php?rest_route=%2Fwp%2Fv2%2Fmedia&parent=33324"}],"wp:term":[{"taxonomy":"product_brand","embeddable":true,"href":"https:\/\/www.antikvariat-vodnik.si\/index.php?rest_route=%2Fwp%2Fv2%2Fproduct_brand&post=33324"},{"taxonomy":"product_cat","embeddable":true,"href":"https:\/\/www.antikvariat-vodnik.si\/index.php?rest_route=%2Fwp%2Fv2%2Fproduct_cat&post=33324"},{"taxonomy":"product_tag","embeddable":true,"href":"https:\/\/www.antikvariat-vodnik.si\/index.php?rest_route=%2Fwp%2Fv2%2Fproduct_tag&post=33324"}],"curies":[{"name":"wp","href":"https:\/\/api.w.org\/{rel}","templated":true}]}}