{"id":33106,"date":"2022-11-18T16:49:52","date_gmt":"2022-11-18T15:49:52","guid":{"rendered":"https:\/\/www.antikvariat-vodnik.si\/?post_type=product&#038;p=33106"},"modified":"2025-06-19T12:14:42","modified_gmt":"2025-06-19T10:14:42","slug":"zuzemberski-grad-uredil-marjan-legan","status":"publish","type":"product","link":"https:\/\/www.antikvariat-vodnik.si\/?product=zuzemberski-grad-uredil-marjan-legan","title":{"rendered":"\u017dU\u017dEMBER\u0160KI GRAD, uredil Marjan Legan"},"content":{"rendered":"<p>152 strani, trda vezava, 24.5 cm, Krajevna skupnost \u017du\u017eemberk, 1997, lepo ohranjena.<\/p>\n","protected":false},"excerpt":{"rendered":"<p>152 strani, trda vezava, 24.5 cm, Krajevna skupnost \u017du\u017eemberk, 1997, lepo ohranjena.<\/p>\n","protected":false},"featured_media":33107,"template":"","meta":{"_monsterinsights_skip_tracking":false,"_monsterinsights_sitenote_active":false,"_monsterinsights_sitenote_note":"","_monsterinsights_sitenote_category":0},"product_brand":[],"product_cat":[17,61,19,16,24,43],"product_tag":[],"class_list":{"0":"post-33106","1":"product","2":"type-product","3":"status-publish","4":"has-post-thumbnail","6":"product_cat-antikvarne-knjige","7":"product_cat-arhitektura-urbanizem","8":"product_cat-humanistika-druzboslovje","9":"product_cat-katalog-knjig","10":"product_cat-umetnost","11":"product_cat-zgodovina-domoznanstvo","13":"first","14":"instock","15":"taxable","16":"shipping-taxable","17":"purchasable","18":"product-type-simple"},"jetpack_sharing_enabled":true,"_links":{"self":[{"href":"https:\/\/www.antikvariat-vodnik.si\/index.php?rest_route=\/wp\/v2\/product\/33106","targetHints":{"allow":["GET"]}}],"collection":[{"href":"https:\/\/www.antikvariat-vodnik.si\/index.php?rest_route=\/wp\/v2\/product"}],"about":[{"href":"https:\/\/www.antikvariat-vodnik.si\/index.php?rest_route=\/wp\/v2\/types\/product"}],"wp:featuredmedia":[{"embeddable":true,"href":"https:\/\/www.antikvariat-vodnik.si\/index.php?rest_route=\/wp\/v2\/media\/33107"}],"wp:attachment":[{"href":"https:\/\/www.antikvariat-vodnik.si\/index.php?rest_route=%2Fwp%2Fv2%2Fmedia&parent=33106"}],"wp:term":[{"taxonomy":"product_brand","embeddable":true,"href":"https:\/\/www.antikvariat-vodnik.si\/index.php?rest_route=%2Fwp%2Fv2%2Fproduct_brand&post=33106"},{"taxonomy":"product_cat","embeddable":true,"href":"https:\/\/www.antikvariat-vodnik.si\/index.php?rest_route=%2Fwp%2Fv2%2Fproduct_cat&post=33106"},{"taxonomy":"product_tag","embeddable":true,"href":"https:\/\/www.antikvariat-vodnik.si\/index.php?rest_route=%2Fwp%2Fv2%2Fproduct_tag&post=33106"}],"curies":[{"name":"wp","href":"https:\/\/api.w.org\/{rel}","templated":true}]}}