{"id":32967,"date":"2022-11-17T12:30:56","date_gmt":"2022-11-17T11:30:56","guid":{"rendered":"https:\/\/www.antikvariat-vodnik.si\/?post_type=product&#038;p=32967"},"modified":"2025-02-15T13:35:11","modified_gmt":"2025-02-15T12:35:11","slug":"droptine-iz-misje-doline-anja-stefan","status":"publish","type":"product","link":"https:\/\/www.antikvariat-vodnik.si\/?product=droptine-iz-misje-doline-anja-stefan","title":{"rendered":"DROBTINE IZ MI\u0160JE DOLINE, Anja \u0160tefan"},"content":{"rendered":"<p>Ponatis slikanice, ki je prejela ve\u010dernico, nagrado za najbolj\u0161e izvirno otro\u0161ko in mladinsko leposlovno delo.<\/p>\n<p><strong>\u00a0Levstikova nagrada za \u017eivljenjsko delo za izvirne knji\u017ene ilustracije 2021: Alenka Sottler \u00a0<\/strong><\/p>\n<p><strong>\u00a0Nagrada ve\u010dernica 2018.<\/p>\n<p>Anja \u0160tefan je bila s slikanico Drobtine iz mi\u0161je doline leta 2019 med desetimi nominiranci za nagrado desetnica.<\/strong><\/p>\n<p><em>Gor in dol na vse strani<br \/>\nmi\u0161ja sre\u010da se vrti:<br \/>\nv\u010dasih da in v\u010dasih vzame,<br \/>\nv\u010dasih nalo\u017ei na rame,<br \/>\nv\u010dasih \u010disto zve\u017ee ta\u010dke,<br \/>\nv\u010dasih re\u0161i izpred ma\u010dke,<br \/>\nv\u010dasih pa \u2013 ne ve\u0161, od kod \u2013<br \/>\nsonce po\u0161lje ti na pot.<\/em><\/p>\n<p>Alenka Sottler je ena na\u0161ih najbolj priznanih in nagrajevanih slikark in ilustratork (prejela je tudi mnogo mednarodnih nagrad \u2013 denimo zlato medaljo Zdru\u017eenja ilustratorjev v New Yorku). Za antologijo Svet je kakor ringaraja je Anja \u0160tefan, pesnica, pisateljica in pripovedovalka, napisala nekaj pesmi o mi\u0161kah. Alenka Sottler pa jih je enkratno upodobila.<\/p>\n","protected":false},"excerpt":{"rendered":"<p>Ponatis slikanice, ki je prejela ve\u010dernico, nagrado za najbolj\u0161e izvirno otro\u0161ko in mladinsko leposlovno delo. \u00a0Levstikova nagrada za \u017eivljenjsko delo za izvirne knji\u017ene ilustracije 2021: Alenka Sottler \u00a0 \u00a0Nagrada ve\u010dernica 2018. Anja \u0160tefan je bila s slikanico Drobtine iz mi\u0161je doline leta 2019 med desetimi nominiranci za nagrado desetnica. Gor in dol na vse strani [&hellip;]<\/p>\n","protected":false},"featured_media":32968,"template":"","meta":{"_monsterinsights_skip_tracking":false,"_monsterinsights_sitenote_active":false,"_monsterinsights_sitenote_note":"","_monsterinsights_sitenote_category":0},"product_brand":[],"product_cat":[16,18,40],"product_tag":[],"class_list":{"0":"post-32967","1":"product","2":"type-product","3":"status-publish","4":"has-post-thumbnail","6":"product_cat-katalog-knjig","7":"product_cat-nove-knjige","8":"product_cat-otroska-mladinska-literatura","10":"first","11":"instock","12":"taxable","13":"shipping-taxable","14":"purchasable","15":"product-type-simple"},"jetpack_sharing_enabled":true,"_links":{"self":[{"href":"https:\/\/www.antikvariat-vodnik.si\/index.php?rest_route=\/wp\/v2\/product\/32967","targetHints":{"allow":["GET"]}}],"collection":[{"href":"https:\/\/www.antikvariat-vodnik.si\/index.php?rest_route=\/wp\/v2\/product"}],"about":[{"href":"https:\/\/www.antikvariat-vodnik.si\/index.php?rest_route=\/wp\/v2\/types\/product"}],"wp:featuredmedia":[{"embeddable":true,"href":"https:\/\/www.antikvariat-vodnik.si\/index.php?rest_route=\/wp\/v2\/media\/32968"}],"wp:attachment":[{"href":"https:\/\/www.antikvariat-vodnik.si\/index.php?rest_route=%2Fwp%2Fv2%2Fmedia&parent=32967"}],"wp:term":[{"taxonomy":"product_brand","embeddable":true,"href":"https:\/\/www.antikvariat-vodnik.si\/index.php?rest_route=%2Fwp%2Fv2%2Fproduct_brand&post=32967"},{"taxonomy":"product_cat","embeddable":true,"href":"https:\/\/www.antikvariat-vodnik.si\/index.php?rest_route=%2Fwp%2Fv2%2Fproduct_cat&post=32967"},{"taxonomy":"product_tag","embeddable":true,"href":"https:\/\/www.antikvariat-vodnik.si\/index.php?rest_route=%2Fwp%2Fv2%2Fproduct_tag&post=32967"}],"curies":[{"name":"wp","href":"https:\/\/api.w.org\/{rel}","templated":true}]}}