{"id":32954,"date":"2022-11-17T12:15:21","date_gmt":"2022-11-17T11:15:21","guid":{"rendered":"https:\/\/www.antikvariat-vodnik.si\/?post_type=product&#038;p=32954"},"modified":"2023-07-25T14:32:47","modified_gmt":"2023-07-25T12:32:47","slug":"zgodbe-iz-zelodjega-gozda-stiri-zgodbe-skrivalnice-julia-donaldson","status":"publish","type":"product","link":"https:\/\/www.antikvariat-vodnik.si\/?product=zgodbe-iz-zelodjega-gozda-stiri-zgodbe-skrivalnice-julia-donaldson","title":{"rendered":"ZGODBE IZ \u017dELODJEGA GOZDA: \u0160TIRI ZGODBE &#8211; SKRIVALNICE, Julia Donaldson"},"content":{"rendered":"<p>V slikanici Zgodbe iz \u017eelodjega gozda priljubljenega dvojca Donaldson-Scheffler so \u0161tiri prikupne, preproste in zabavne zgodbe v verzih, ki spodbujajo skupno branje. Odrasli bere in pripoveduje, otrok pa i\u0161\u010de pod zavihku, ki so na vsaki strani knjige \u2013 sodeluje in u\u017eiva.<\/p>\n","protected":false},"excerpt":{"rendered":"<p>V slikanici Zgodbe iz \u017eelodjega gozda priljubljenega dvojca Donaldson-Scheffler so \u0161tiri prikupne, preproste in zabavne zgodbe v verzih, ki spodbujajo skupno branje. Odrasli bere in pripoveduje, otrok pa i\u0161\u010de pod zavihku, ki so na vsaki strani knjige \u2013 sodeluje in u\u017eiva.<\/p>\n","protected":false},"featured_media":32956,"template":"","meta":{"_monsterinsights_skip_tracking":false,"_monsterinsights_sitenote_active":false,"_monsterinsights_sitenote_note":"","_monsterinsights_sitenote_category":0},"product_brand":[],"product_cat":[16,18,40],"product_tag":[],"class_list":{"0":"post-32954","1":"product","2":"type-product","3":"status-publish","4":"has-post-thumbnail","6":"product_cat-katalog-knjig","7":"product_cat-nove-knjige","8":"product_cat-otroska-mladinska-literatura","10":"first","11":"instock","12":"taxable","13":"shipping-taxable","14":"purchasable","15":"product-type-simple"},"jetpack_sharing_enabled":true,"_links":{"self":[{"href":"https:\/\/www.antikvariat-vodnik.si\/index.php?rest_route=\/wp\/v2\/product\/32954","targetHints":{"allow":["GET"]}}],"collection":[{"href":"https:\/\/www.antikvariat-vodnik.si\/index.php?rest_route=\/wp\/v2\/product"}],"about":[{"href":"https:\/\/www.antikvariat-vodnik.si\/index.php?rest_route=\/wp\/v2\/types\/product"}],"wp:featuredmedia":[{"embeddable":true,"href":"https:\/\/www.antikvariat-vodnik.si\/index.php?rest_route=\/wp\/v2\/media\/32956"}],"wp:attachment":[{"href":"https:\/\/www.antikvariat-vodnik.si\/index.php?rest_route=%2Fwp%2Fv2%2Fmedia&parent=32954"}],"wp:term":[{"taxonomy":"product_brand","embeddable":true,"href":"https:\/\/www.antikvariat-vodnik.si\/index.php?rest_route=%2Fwp%2Fv2%2Fproduct_brand&post=32954"},{"taxonomy":"product_cat","embeddable":true,"href":"https:\/\/www.antikvariat-vodnik.si\/index.php?rest_route=%2Fwp%2Fv2%2Fproduct_cat&post=32954"},{"taxonomy":"product_tag","embeddable":true,"href":"https:\/\/www.antikvariat-vodnik.si\/index.php?rest_route=%2Fwp%2Fv2%2Fproduct_tag&post=32954"}],"curies":[{"name":"wp","href":"https:\/\/api.w.org\/{rel}","templated":true}]}}