{"id":32930,"date":"2022-11-16T16:30:27","date_gmt":"2022-11-16T15:30:27","guid":{"rendered":"https:\/\/www.antikvariat-vodnik.si\/?post_type=product&#038;p=32930"},"modified":"2022-11-16T16:31:29","modified_gmt":"2022-11-16T15:31:29","slug":"knjiga-o-primozu-alesu-beblerju-anton-bebler","status":"publish","type":"product","link":"https:\/\/www.antikvariat-vodnik.si\/?product=knjiga-o-primozu-alesu-beblerju-anton-bebler","title":{"rendered":"KNJIGA O PRIMO\u017dU ALE\u0160U BEBLERJU, Anton Bebler"},"content":{"rendered":"<p>196 strani, trda vezava, 25 cm, Cankarjeva zalo\u017eba, 2004, lepo ohranjena.<\/p>\n","protected":false},"excerpt":{"rendered":"<p>196 strani, trda vezava, 25 cm, Cankarjeva zalo\u017eba, 2004, lepo ohranjena.<\/p>\n","protected":false},"featured_media":32931,"template":"","meta":{"_monsterinsights_skip_tracking":false,"_monsterinsights_sitenote_active":false,"_monsterinsights_sitenote_note":"","_monsterinsights_sitenote_category":0},"product_brand":[],"product_cat":[17,21,19,16,43],"product_tag":[],"class_list":{"0":"post-32930","1":"product","2":"type-product","3":"status-publish","4":"has-post-thumbnail","6":"product_cat-antikvarne-knjige","7":"product_cat-biografije","8":"product_cat-humanistika-druzboslovje","9":"product_cat-katalog-knjig","10":"product_cat-zgodovina-domoznanstvo","12":"first","13":"instock","14":"taxable","15":"shipping-taxable","16":"purchasable","17":"product-type-simple"},"jetpack_sharing_enabled":true,"_links":{"self":[{"href":"https:\/\/www.antikvariat-vodnik.si\/index.php?rest_route=\/wp\/v2\/product\/32930","targetHints":{"allow":["GET"]}}],"collection":[{"href":"https:\/\/www.antikvariat-vodnik.si\/index.php?rest_route=\/wp\/v2\/product"}],"about":[{"href":"https:\/\/www.antikvariat-vodnik.si\/index.php?rest_route=\/wp\/v2\/types\/product"}],"wp:featuredmedia":[{"embeddable":true,"href":"https:\/\/www.antikvariat-vodnik.si\/index.php?rest_route=\/wp\/v2\/media\/32931"}],"wp:attachment":[{"href":"https:\/\/www.antikvariat-vodnik.si\/index.php?rest_route=%2Fwp%2Fv2%2Fmedia&parent=32930"}],"wp:term":[{"taxonomy":"product_brand","embeddable":true,"href":"https:\/\/www.antikvariat-vodnik.si\/index.php?rest_route=%2Fwp%2Fv2%2Fproduct_brand&post=32930"},{"taxonomy":"product_cat","embeddable":true,"href":"https:\/\/www.antikvariat-vodnik.si\/index.php?rest_route=%2Fwp%2Fv2%2Fproduct_cat&post=32930"},{"taxonomy":"product_tag","embeddable":true,"href":"https:\/\/www.antikvariat-vodnik.si\/index.php?rest_route=%2Fwp%2Fv2%2Fproduct_tag&post=32930"}],"curies":[{"name":"wp","href":"https:\/\/api.w.org\/{rel}","templated":true}]}}