{"id":32795,"date":"2022-11-15T15:49:12","date_gmt":"2022-11-15T14:49:12","guid":{"rendered":"https:\/\/www.antikvariat-vodnik.si\/?post_type=product&#038;p=32795"},"modified":"2025-07-01T18:41:44","modified_gmt":"2025-07-01T16:41:44","slug":"dezela-ob-cerkniskem-jezeru-vec-avtorjev","status":"publish","type":"product","link":"https:\/\/www.antikvariat-vodnik.si\/?product=dezela-ob-cerkniskem-jezeru-vec-avtorjev","title":{"rendered":"DE\u017dELA OB CERKNI\u0160KEM JEZERU, ve\u010d avtorjev"},"content":{"rendered":"<p>124 strani, trda vezava, 21.5 cm, Kulturna skupnost ob\u010dine Cerknica, 1990, lepo ohranjena.<\/p>\n","protected":false},"excerpt":{"rendered":"<p>124 strani, trda vezava, 21.5 cm, Kulturna skupnost ob\u010dine Cerknica, 1990, lepo ohranjena.<\/p>\n","protected":false},"featured_media":32796,"template":"","meta":{"_monsterinsights_skip_tracking":false,"_monsterinsights_sitenote_active":false,"_monsterinsights_sitenote_note":"","_monsterinsights_sitenote_category":0},"product_brand":[],"product_cat":[17,48,19,16,26,55,43],"product_tag":[],"class_list":{"0":"post-32795","1":"product","2":"type-product","3":"status-publish","4":"has-post-thumbnail","6":"product_cat-antikvarne-knjige","7":"product_cat-geografija-arheologija","8":"product_cat-humanistika-druzboslovje","9":"product_cat-katalog-knjig","10":"product_cat-prirocniki-uporabne-vede-duhovnost","11":"product_cat-turizem-gornistvo-alpinizem","12":"product_cat-zgodovina-domoznanstvo","14":"first","15":"instock","16":"taxable","17":"shipping-taxable","18":"purchasable","19":"product-type-simple"},"jetpack_sharing_enabled":true,"_links":{"self":[{"href":"https:\/\/www.antikvariat-vodnik.si\/index.php?rest_route=\/wp\/v2\/product\/32795","targetHints":{"allow":["GET"]}}],"collection":[{"href":"https:\/\/www.antikvariat-vodnik.si\/index.php?rest_route=\/wp\/v2\/product"}],"about":[{"href":"https:\/\/www.antikvariat-vodnik.si\/index.php?rest_route=\/wp\/v2\/types\/product"}],"wp:featuredmedia":[{"embeddable":true,"href":"https:\/\/www.antikvariat-vodnik.si\/index.php?rest_route=\/wp\/v2\/media\/32796"}],"wp:attachment":[{"href":"https:\/\/www.antikvariat-vodnik.si\/index.php?rest_route=%2Fwp%2Fv2%2Fmedia&parent=32795"}],"wp:term":[{"taxonomy":"product_brand","embeddable":true,"href":"https:\/\/www.antikvariat-vodnik.si\/index.php?rest_route=%2Fwp%2Fv2%2Fproduct_brand&post=32795"},{"taxonomy":"product_cat","embeddable":true,"href":"https:\/\/www.antikvariat-vodnik.si\/index.php?rest_route=%2Fwp%2Fv2%2Fproduct_cat&post=32795"},{"taxonomy":"product_tag","embeddable":true,"href":"https:\/\/www.antikvariat-vodnik.si\/index.php?rest_route=%2Fwp%2Fv2%2Fproduct_tag&post=32795"}],"curies":[{"name":"wp","href":"https:\/\/api.w.org\/{rel}","templated":true}]}}