{"id":31921,"date":"2022-10-18T18:38:16","date_gmt":"2022-10-18T16:38:16","guid":{"rendered":"https:\/\/www.antikvariat-vodnik.si\/?post_type=product&#038;p=31921"},"modified":"2023-01-08T12:18:19","modified_gmt":"2023-01-08T11:18:19","slug":"kosovirja-na-leteci-zlici-svetlana-makarovic","status":"publish","type":"product","link":"https:\/\/www.antikvariat-vodnik.si\/?product=kosovirja-na-leteci-zlici-svetlana-makarovic","title":{"rendered":"KOSOVIRJA NA LETE\u010cI \u017dLICI, Svetlana Makarovi\u010d"},"content":{"rendered":"<p>120 strani, trda vezava, 20.5 cm, Mi\u0161, 2008, knjiga je kot nova.<\/p>\n","protected":false},"excerpt":{"rendered":"<p>120 strani, trda vezava, 20.5 cm, Mi\u0161, 2008, knjiga je kot nova.<\/p>\n","protected":false},"featured_media":31922,"template":"","meta":{"_monsterinsights_skip_tracking":false,"_monsterinsights_sitenote_active":false,"_monsterinsights_sitenote_note":"","_monsterinsights_sitenote_category":0},"product_brand":[],"product_cat":[17,16,29,77],"product_tag":[],"class_list":{"0":"post-31921","1":"product","2":"type-product","3":"status-publish","4":"has-post-thumbnail","6":"product_cat-antikvarne-knjige","7":"product_cat-katalog-knjig","8":"product_cat-knjige-za-otroke-in-mladino","9":"product_cat-slikanice-pravljice","11":"first","12":"outofstock","13":"taxable","14":"shipping-taxable","15":"purchasable","16":"product-type-simple"},"jetpack_sharing_enabled":true,"_links":{"self":[{"href":"https:\/\/www.antikvariat-vodnik.si\/index.php?rest_route=\/wp\/v2\/product\/31921","targetHints":{"allow":["GET"]}}],"collection":[{"href":"https:\/\/www.antikvariat-vodnik.si\/index.php?rest_route=\/wp\/v2\/product"}],"about":[{"href":"https:\/\/www.antikvariat-vodnik.si\/index.php?rest_route=\/wp\/v2\/types\/product"}],"wp:featuredmedia":[{"embeddable":true,"href":"https:\/\/www.antikvariat-vodnik.si\/index.php?rest_route=\/wp\/v2\/media\/31922"}],"wp:attachment":[{"href":"https:\/\/www.antikvariat-vodnik.si\/index.php?rest_route=%2Fwp%2Fv2%2Fmedia&parent=31921"}],"wp:term":[{"taxonomy":"product_brand","embeddable":true,"href":"https:\/\/www.antikvariat-vodnik.si\/index.php?rest_route=%2Fwp%2Fv2%2Fproduct_brand&post=31921"},{"taxonomy":"product_cat","embeddable":true,"href":"https:\/\/www.antikvariat-vodnik.si\/index.php?rest_route=%2Fwp%2Fv2%2Fproduct_cat&post=31921"},{"taxonomy":"product_tag","embeddable":true,"href":"https:\/\/www.antikvariat-vodnik.si\/index.php?rest_route=%2Fwp%2Fv2%2Fproduct_tag&post=31921"}],"curies":[{"name":"wp","href":"https:\/\/api.w.org\/{rel}","templated":true}]}}