{"id":31729,"date":"2022-10-13T17:24:21","date_gmt":"2022-10-13T15:24:21","guid":{"rendered":"https:\/\/www.antikvariat-vodnik.si\/?post_type=product&#038;p=31729"},"modified":"2022-10-13T17:24:40","modified_gmt":"2022-10-13T15:24:40","slug":"druzinske-zgodbe-integral-zoran-smiljanic","status":"publish","type":"product","link":"https:\/\/www.antikvariat-vodnik.si\/?product=druzinske-zgodbe-integral-zoran-smiljanic","title":{"rendered":"DRU\u017dINSKE ZGODBE INTEGRAL, Zoran Smiljani\u0107"},"content":{"rendered":"<p><strong>Zoran Smiljani\u0107 \u2013 Dru\u017einske zgodbe<\/strong><\/p>\n<p>Knjiga je namenjena starej\u0161im, zahtevnej\u0161im ljubiteljem stripa.<\/p>\n<p>Gre za \u0161e eno zgodbo o\u00a0odra\u0161\u010danju: ko mladi avtor nari\u0161e svoje prve jezne, provokativne in brezkompromisne stripe ter z\u00a0njimi ustvari trdo jedro svoje stripovske publike, pravzaprav podpi\u0161e pogodbo s\u00a0hudi\u010dem.<\/p>\n<p>Sprva so bile zgodbe mi\u0161ljene kot strupena kritika in sesuvanje dru\u017eine in dru\u017einskega \u017eivljenja, vendar so ostale najbolj radikalne zgodbe iz razli\u010dnih razlogov neizrisane. Trdo politi\u010dno pornografijo je tako zamenjala mehka poetika mehi\u0161kih telenovel, provokacijo za vsako ceno je nadomestil ceneni socialni realizem, \u017eanr vesterna se je prelevil v\u00a0ljubezenske \u0161und romane, stripi pa so bolj kot nekdanje trdo bralsko jedro nagovarjali predstavnice ne\u017enej\u0161ega\u00a0spola.<\/p>\n<p>Dru\u017einske zgodbe na subjektiven in objektiven na\u010din pri\u010dajo o\u00a0tem, da je odra\u0161\u010danje ena sama dolga izdaja mladostnih idealov, vrednot in junakov, na katere smo neko\u010d tako gore\u010de prisegali.<\/p>\n<p><strong>Format A4, trde platnice, \u010drnobel tisk, 217 strani.<\/strong><\/p>\n","protected":false},"excerpt":{"rendered":"<p>Zoran Smiljani\u0107 \u2013 Dru\u017einske zgodbe Knjiga je namenjena starej\u0161im, zahtevnej\u0161im ljubiteljem stripa. Gre za \u0161e eno zgodbo o\u00a0odra\u0161\u010danju: ko mladi avtor nari\u0161e svoje prve jezne, provokativne in brezkompromisne stripe ter z\u00a0njimi ustvari trdo jedro svoje stripovske publike, pravzaprav podpi\u0161e pogodbo s\u00a0hudi\u010dem. Sprva so bile zgodbe mi\u0161ljene kot strupena kritika in sesuvanje dru\u017eine in dru\u017einskega \u017eivljenja, [&hellip;]<\/p>\n","protected":false},"featured_media":31730,"template":"","meta":{"_monsterinsights_skip_tracking":false,"_monsterinsights_sitenote_active":false,"_monsterinsights_sitenote_note":"","_monsterinsights_sitenote_category":0},"product_brand":[],"product_cat":[16,18,107],"product_tag":[],"class_list":{"0":"post-31729","1":"product","2":"type-product","3":"status-publish","4":"has-post-thumbnail","6":"product_cat-katalog-knjig","7":"product_cat-nove-knjige","8":"product_cat-stripi","10":"first","11":"instock","12":"taxable","13":"shipping-taxable","14":"purchasable","15":"product-type-simple"},"jetpack_sharing_enabled":true,"_links":{"self":[{"href":"https:\/\/www.antikvariat-vodnik.si\/index.php?rest_route=\/wp\/v2\/product\/31729","targetHints":{"allow":["GET"]}}],"collection":[{"href":"https:\/\/www.antikvariat-vodnik.si\/index.php?rest_route=\/wp\/v2\/product"}],"about":[{"href":"https:\/\/www.antikvariat-vodnik.si\/index.php?rest_route=\/wp\/v2\/types\/product"}],"wp:featuredmedia":[{"embeddable":true,"href":"https:\/\/www.antikvariat-vodnik.si\/index.php?rest_route=\/wp\/v2\/media\/31730"}],"wp:attachment":[{"href":"https:\/\/www.antikvariat-vodnik.si\/index.php?rest_route=%2Fwp%2Fv2%2Fmedia&parent=31729"}],"wp:term":[{"taxonomy":"product_brand","embeddable":true,"href":"https:\/\/www.antikvariat-vodnik.si\/index.php?rest_route=%2Fwp%2Fv2%2Fproduct_brand&post=31729"},{"taxonomy":"product_cat","embeddable":true,"href":"https:\/\/www.antikvariat-vodnik.si\/index.php?rest_route=%2Fwp%2Fv2%2Fproduct_cat&post=31729"},{"taxonomy":"product_tag","embeddable":true,"href":"https:\/\/www.antikvariat-vodnik.si\/index.php?rest_route=%2Fwp%2Fv2%2Fproduct_tag&post=31729"}],"curies":[{"name":"wp","href":"https:\/\/api.w.org\/{rel}","templated":true}]}}