{"id":31706,"date":"2022-10-13T16:25:53","date_gmt":"2022-10-13T14:25:53","guid":{"rendered":"https:\/\/www.antikvariat-vodnik.si\/?post_type=product&#038;p=31706"},"modified":"2022-12-30T12:26:59","modified_gmt":"2022-12-30T11:26:59","slug":"pripovedke-z-vsega-sveta","status":"publish","type":"product","link":"https:\/\/www.antikvariat-vodnik.si\/?product=pripovedke-z-vsega-sveta","title":{"rendered":"PRIPOVEDKE Z VSEGA SVETA"},"content":{"rendered":"<p style=\"text-align: center;\">Potovanje\u00a0 po celinah<br \/>\nz 20 najbolj priljubljenimi zgodbami<br \/>\nz vsega sveta<\/p>\n<p style=\"text-align: center;\">Odkrijte, kak\u0161no skrivnost ima kmet,<br \/>\nnau\u010dite se, kako prelisi\u010diti medveda, in \u0161e<br \/>\nveliko ve\u010d v tej o\u010darljivi zbirki pripovedk,<br \/>\npopolni za popotovanje okrog sveta<br \/>\npred spanjem.<\/p>\n","protected":false},"excerpt":{"rendered":"<p>Potovanje\u00a0 po celinah z 20 najbolj priljubljenimi zgodbami z vsega sveta Odkrijte, kak\u0161no skrivnost ima kmet, nau\u010dite se, kako prelisi\u010diti medveda, in \u0161e veliko ve\u010d v tej o\u010darljivi zbirki pripovedk, popolni za popotovanje okrog sveta pred spanjem.<\/p>\n","protected":false},"featured_media":31707,"template":"","meta":{"_monsterinsights_skip_tracking":false,"_monsterinsights_sitenote_active":false,"_monsterinsights_sitenote_note":"","_monsterinsights_sitenote_category":0},"product_brand":[],"product_cat":[16,18,40],"product_tag":[],"class_list":{"0":"post-31706","1":"product","2":"type-product","3":"status-publish","4":"has-post-thumbnail","6":"product_cat-katalog-knjig","7":"product_cat-nove-knjige","8":"product_cat-otroska-mladinska-literatura","10":"first","11":"instock","12":"taxable","13":"shipping-taxable","14":"purchasable","15":"product-type-simple"},"jetpack_sharing_enabled":true,"_links":{"self":[{"href":"https:\/\/www.antikvariat-vodnik.si\/index.php?rest_route=\/wp\/v2\/product\/31706","targetHints":{"allow":["GET"]}}],"collection":[{"href":"https:\/\/www.antikvariat-vodnik.si\/index.php?rest_route=\/wp\/v2\/product"}],"about":[{"href":"https:\/\/www.antikvariat-vodnik.si\/index.php?rest_route=\/wp\/v2\/types\/product"}],"wp:featuredmedia":[{"embeddable":true,"href":"https:\/\/www.antikvariat-vodnik.si\/index.php?rest_route=\/wp\/v2\/media\/31707"}],"wp:attachment":[{"href":"https:\/\/www.antikvariat-vodnik.si\/index.php?rest_route=%2Fwp%2Fv2%2Fmedia&parent=31706"}],"wp:term":[{"taxonomy":"product_brand","embeddable":true,"href":"https:\/\/www.antikvariat-vodnik.si\/index.php?rest_route=%2Fwp%2Fv2%2Fproduct_brand&post=31706"},{"taxonomy":"product_cat","embeddable":true,"href":"https:\/\/www.antikvariat-vodnik.si\/index.php?rest_route=%2Fwp%2Fv2%2Fproduct_cat&post=31706"},{"taxonomy":"product_tag","embeddable":true,"href":"https:\/\/www.antikvariat-vodnik.si\/index.php?rest_route=%2Fwp%2Fv2%2Fproduct_tag&post=31706"}],"curies":[{"name":"wp","href":"https:\/\/api.w.org\/{rel}","templated":true}]}}