{"id":31678,"date":"2022-10-12T17:20:40","date_gmt":"2022-10-12T15:20:40","guid":{"rendered":"https:\/\/www.antikvariat-vodnik.si\/?post_type=product&#038;p=31678"},"modified":"2023-12-10T12:31:17","modified_gmt":"2023-12-10T11:31:17","slug":"365-svetovnih-pravljic","status":"publish","type":"product","link":"https:\/\/www.antikvariat-vodnik.si\/?product=365-svetovnih-pravljic","title":{"rendered":"365 SVETOVNIH PRAVLJIC"},"content":{"rendered":"<p><strong>\u010cudovita zbirka ve\u010dnih pravljic za otroke:<br \/>\nklasi\u010dne pravljice, ljudske pravljice, legende in miti z vsega sveta<\/strong><\/p>\n<p>MOTOVILKA<br \/>\nOBUTI MA\u010cEK<br \/>\nHERKULOVE PUSTOLOV\u0160\u010cINE<br \/>\nOGNJENA PTICA<br \/>\nJANKO IN METKA<br \/>\nHRESTA\u010c<br \/>\nROBINZON CRUSOE<br \/>\nODISEJEVA POTOVANJA<br \/>\nTRIJE MU\u0160KETIRJI<br \/>\nPAL\u010cICA<br \/>\nHAMELINSKI PISKA\u010c<br \/>\nTRNULJ\u010cICA<br \/>\nTRIJE PRA\u0160I\u010cKI<br \/>\nLISICA IN \u0160TORKLJA<\/p>\n","protected":false},"excerpt":{"rendered":"<p>\u010cudovita zbirka ve\u010dnih pravljic za otroke: klasi\u010dne pravljice, ljudske pravljice, legende in miti z vsega sveta MOTOVILKA OBUTI MA\u010cEK HERKULOVE PUSTOLOV\u0160\u010cINE OGNJENA PTICA JANKO IN METKA HRESTA\u010c ROBINZON CRUSOE ODISEJEVA POTOVANJA TRIJE MU\u0160KETIRJI PAL\u010cICA HAMELINSKI PISKA\u010c TRNULJ\u010cICA TRIJE PRA\u0160I\u010cKI LISICA IN \u0160TORKLJA<\/p>\n","protected":false},"featured_media":31679,"template":"","meta":{"_monsterinsights_skip_tracking":false,"_monsterinsights_sitenote_active":false,"_monsterinsights_sitenote_note":"","_monsterinsights_sitenote_category":0},"product_brand":[],"product_cat":[16,18,40],"product_tag":[],"class_list":{"0":"post-31678","1":"product","2":"type-product","3":"status-publish","4":"has-post-thumbnail","6":"product_cat-katalog-knjig","7":"product_cat-nove-knjige","8":"product_cat-otroska-mladinska-literatura","10":"first","11":"instock","12":"taxable","13":"shipping-taxable","14":"purchasable","15":"product-type-simple"},"jetpack_sharing_enabled":true,"_links":{"self":[{"href":"https:\/\/www.antikvariat-vodnik.si\/index.php?rest_route=\/wp\/v2\/product\/31678","targetHints":{"allow":["GET"]}}],"collection":[{"href":"https:\/\/www.antikvariat-vodnik.si\/index.php?rest_route=\/wp\/v2\/product"}],"about":[{"href":"https:\/\/www.antikvariat-vodnik.si\/index.php?rest_route=\/wp\/v2\/types\/product"}],"wp:featuredmedia":[{"embeddable":true,"href":"https:\/\/www.antikvariat-vodnik.si\/index.php?rest_route=\/wp\/v2\/media\/31679"}],"wp:attachment":[{"href":"https:\/\/www.antikvariat-vodnik.si\/index.php?rest_route=%2Fwp%2Fv2%2Fmedia&parent=31678"}],"wp:term":[{"taxonomy":"product_brand","embeddable":true,"href":"https:\/\/www.antikvariat-vodnik.si\/index.php?rest_route=%2Fwp%2Fv2%2Fproduct_brand&post=31678"},{"taxonomy":"product_cat","embeddable":true,"href":"https:\/\/www.antikvariat-vodnik.si\/index.php?rest_route=%2Fwp%2Fv2%2Fproduct_cat&post=31678"},{"taxonomy":"product_tag","embeddable":true,"href":"https:\/\/www.antikvariat-vodnik.si\/index.php?rest_route=%2Fwp%2Fv2%2Fproduct_tag&post=31678"}],"curies":[{"name":"wp","href":"https:\/\/api.w.org\/{rel}","templated":true}]}}