{"id":31296,"date":"2022-10-06T12:47:52","date_gmt":"2022-10-06T10:47:52","guid":{"rendered":"https:\/\/www.antikvariat-vodnik.si\/?post_type=product&#038;p=31296"},"modified":"2022-10-06T12:51:01","modified_gmt":"2022-10-06T10:51:01","slug":"kruh-brez-kvasa-polonca-rahmanovic","status":"publish","type":"product","link":"https:\/\/www.antikvariat-vodnik.si\/?product=kruh-brez-kvasa-polonca-rahmanovic","title":{"rendered":"KRUH BREZ KVASA, Polonca Rahmanovi\u0107"},"content":{"rendered":"<p>Strokovnjakinja peke kruha Polonca (PolaBekeraj) v knjigi z nami deli svoje znanje, recepture in napotke, kako brez kvasa spe\u010di odli\u010den doma\u010d kruh. V knjigi je glavni igralec kruh, narejen iz razli\u010dnih vrst mok in z razli\u010dnimi vzhajalnimi sredstvi. Poleg dro\u017ei spoznamo tudi druga vzhajalna sredstva: soda, vinski kamen in pecilni pra\u0161ek. Kot pravi: \u00bb Imate izbiro, kak\u0161en kruh boste pekli in jedli. Izkoristite jo. \u00bb<\/p>\n","protected":false},"excerpt":{"rendered":"<p>Strokovnjakinja peke kruha Polonca (PolaBekeraj) v knjigi z nami deli svoje znanje, recepture in napotke, kako brez kvasa spe\u010di odli\u010den doma\u010d kruh. V knjigi je glavni igralec kruh, narejen iz razli\u010dnih vrst mok in z razli\u010dnimi vzhajalnimi sredstvi. Poleg dro\u017ei spoznamo tudi druga vzhajalna sredstva: soda, vinski kamen in pecilni pra\u0161ek. Kot pravi: \u00bb Imate [&hellip;]<\/p>\n","protected":false},"featured_media":31297,"template":"","meta":{"_monsterinsights_skip_tracking":false,"_monsterinsights_sitenote_active":false,"_monsterinsights_sitenote_note":"","_monsterinsights_sitenote_category":0},"product_brand":[],"product_cat":[16,18,41],"product_tag":[],"class_list":{"0":"post-31296","1":"product","2":"type-product","3":"status-publish","4":"has-post-thumbnail","6":"product_cat-katalog-knjig","7":"product_cat-nove-knjige","8":"product_cat-zdravje-kulinarika","10":"first","11":"instock","12":"taxable","13":"shipping-taxable","14":"purchasable","15":"product-type-simple"},"jetpack_sharing_enabled":true,"_links":{"self":[{"href":"https:\/\/www.antikvariat-vodnik.si\/index.php?rest_route=\/wp\/v2\/product\/31296","targetHints":{"allow":["GET"]}}],"collection":[{"href":"https:\/\/www.antikvariat-vodnik.si\/index.php?rest_route=\/wp\/v2\/product"}],"about":[{"href":"https:\/\/www.antikvariat-vodnik.si\/index.php?rest_route=\/wp\/v2\/types\/product"}],"wp:featuredmedia":[{"embeddable":true,"href":"https:\/\/www.antikvariat-vodnik.si\/index.php?rest_route=\/wp\/v2\/media\/31297"}],"wp:attachment":[{"href":"https:\/\/www.antikvariat-vodnik.si\/index.php?rest_route=%2Fwp%2Fv2%2Fmedia&parent=31296"}],"wp:term":[{"taxonomy":"product_brand","embeddable":true,"href":"https:\/\/www.antikvariat-vodnik.si\/index.php?rest_route=%2Fwp%2Fv2%2Fproduct_brand&post=31296"},{"taxonomy":"product_cat","embeddable":true,"href":"https:\/\/www.antikvariat-vodnik.si\/index.php?rest_route=%2Fwp%2Fv2%2Fproduct_cat&post=31296"},{"taxonomy":"product_tag","embeddable":true,"href":"https:\/\/www.antikvariat-vodnik.si\/index.php?rest_route=%2Fwp%2Fv2%2Fproduct_tag&post=31296"}],"curies":[{"name":"wp","href":"https:\/\/api.w.org\/{rel}","templated":true}]}}