{"id":30542,"date":"2022-09-22T16:37:11","date_gmt":"2022-09-22T14:37:11","guid":{"rendered":"https:\/\/www.antikvariat-vodnik.si\/?post_type=product&#038;p=30542"},"modified":"2023-03-23T16:29:12","modified_gmt":"2023-03-23T15:29:12","slug":"harry-potter-in-dvorana-skrivnost-ilustrirana-izdaja-j-k-rowling","status":"publish","type":"product","link":"https:\/\/www.antikvariat-vodnik.si\/?product=harry-potter-in-dvorana-skrivnost-ilustrirana-izdaja-j-k-rowling","title":{"rendered":"HARRY POTTER IN DVORANA SKRIVNOSTI (ilustrirana izdaja), J. K. Rowling"},"content":{"rendered":"<p>Ilustrirana izdaja druge knjige fantazijske klasike J.K. Rowling je polna \u010dudovitih barvnih ilustracij Jima Kaya, prejemnika presti\u017ene nagrade Kate Greenaway Medal. Prekrasna knji\u017ena poslastica, kot nala\u0161\u010d za predane obo\u017eevalce in za bralce, ki \u0161ele vstopajo v svet Harryja Potterja.<\/p>\n<p><strong>Kljub svarilu nazaj na Bradavi\u010darko<\/strong><\/p>\n<p>Mladi \u010darovnik Harry Potter \u010daka, da minejo mukotrpne po\u010ditnice pri stricu in teti, ko ga preseneti drobni hi\u0161ni vilinec. Ta Harryja posvari naj ne hodi na Bradavi\u010darko, saj ga tam \u010daka smrtna nevarnost, a de\u010dek ga ne poslu\u0161a. Veselje ob ponovnem snidenju s prijatelji pa \u017eal ni dolgotrajno, saj nekdo \u0161tudente z uroki spreminja v kamnite kipe.<\/p>\n<p><strong>Na \u010darovni\u0161ki \u0161oli se dogaja nekaj srhljivega<\/strong><\/p>\n<p>Harry Potter sli\u0161i \u010dudno, stra\u0161ljivo \u0161epetanje. Kmalu pa ni ve\u010d edini, ki se boji za svoje \u017eivljenje. Na steni se pojavi skrivnosten napis. Toda kaj natanko naj bi to pomenilo? Harry, Ron in Hermiona storijo vse, da bi re\u0161ili skrivnost.<\/p>\n<p><strong>Ve\u010d kot 500 milijonov prodanih izvodov<\/strong><\/p>\n<p>Knjige iz serije o \u010darovniku Harryju Potterju so bile prodane v ve\u010d kot 500 milijonov izvodih ter prevedene v ve\u010d kot 80 jezikov, do\u017eivele pa so tudi uspe\u0161no filmsko upodobitev.<\/p>\n","protected":false},"excerpt":{"rendered":"<p>Ilustrirana izdaja druge knjige fantazijske klasike J.K. Rowling je polna \u010dudovitih barvnih ilustracij Jima Kaya, prejemnika presti\u017ene nagrade Kate Greenaway Medal. Prekrasna knji\u017ena poslastica, kot nala\u0161\u010d za predane obo\u017eevalce in za bralce, ki \u0161ele vstopajo v svet Harryja Potterja. Kljub svarilu nazaj na Bradavi\u010darko Mladi \u010darovnik Harry Potter \u010daka, da minejo mukotrpne po\u010ditnice pri stricu [&hellip;]<\/p>\n","protected":false},"featured_media":30543,"template":"","meta":{"_monsterinsights_skip_tracking":false,"_monsterinsights_sitenote_active":false,"_monsterinsights_sitenote_note":"","_monsterinsights_sitenote_category":0},"product_brand":[],"product_cat":[16,18,40],"product_tag":[],"class_list":{"0":"post-30542","1":"product","2":"type-product","3":"status-publish","4":"has-post-thumbnail","6":"product_cat-katalog-knjig","7":"product_cat-nove-knjige","8":"product_cat-otroska-mladinska-literatura","10":"first","11":"instock","12":"taxable","13":"shipping-taxable","14":"purchasable","15":"product-type-simple"},"jetpack_sharing_enabled":true,"_links":{"self":[{"href":"https:\/\/www.antikvariat-vodnik.si\/index.php?rest_route=\/wp\/v2\/product\/30542","targetHints":{"allow":["GET"]}}],"collection":[{"href":"https:\/\/www.antikvariat-vodnik.si\/index.php?rest_route=\/wp\/v2\/product"}],"about":[{"href":"https:\/\/www.antikvariat-vodnik.si\/index.php?rest_route=\/wp\/v2\/types\/product"}],"wp:featuredmedia":[{"embeddable":true,"href":"https:\/\/www.antikvariat-vodnik.si\/index.php?rest_route=\/wp\/v2\/media\/30543"}],"wp:attachment":[{"href":"https:\/\/www.antikvariat-vodnik.si\/index.php?rest_route=%2Fwp%2Fv2%2Fmedia&parent=30542"}],"wp:term":[{"taxonomy":"product_brand","embeddable":true,"href":"https:\/\/www.antikvariat-vodnik.si\/index.php?rest_route=%2Fwp%2Fv2%2Fproduct_brand&post=30542"},{"taxonomy":"product_cat","embeddable":true,"href":"https:\/\/www.antikvariat-vodnik.si\/index.php?rest_route=%2Fwp%2Fv2%2Fproduct_cat&post=30542"},{"taxonomy":"product_tag","embeddable":true,"href":"https:\/\/www.antikvariat-vodnik.si\/index.php?rest_route=%2Fwp%2Fv2%2Fproduct_tag&post=30542"}],"curies":[{"name":"wp","href":"https:\/\/api.w.org\/{rel}","templated":true}]}}