{"id":30410,"date":"2022-09-19T18:13:04","date_gmt":"2022-09-19T16:13:04","guid":{"rendered":"https:\/\/www.antikvariat-vodnik.si\/?post_type=product&#038;p=30410"},"modified":"2025-09-01T17:16:05","modified_gmt":"2025-09-01T15:16:05","slug":"ticijan-rudolfo-palukini","status":"publish","type":"product","link":"https:\/\/www.antikvariat-vodnik.si\/?product=ticijan-rudolfo-palukini","title":{"rendered":"TICIJAN, Rudolfo Palukini"},"content":{"rendered":"<p>198 strani, trda vezava, \u0161\u010ditni ovitek, 37 cm, Vuk Karad\u017ei\u0107, 1979, lepo ohranjena.<\/p>\n","protected":false},"excerpt":{"rendered":"<p>198 strani, trda vezava, \u0161\u010ditni ovitek, 37 cm, Vuk Karad\u017ei\u0107, 1979, lepo ohranjena.<\/p>\n","protected":false},"featured_media":30411,"template":"","meta":{"_monsterinsights_skip_tracking":false,"_monsterinsights_sitenote_active":false,"_monsterinsights_sitenote_note":"","_monsterinsights_sitenote_category":0},"product_brand":[],"product_cat":[17,16,28,58,59,75,24],"product_tag":[],"class_list":{"0":"post-30410","1":"product","2":"type-product","3":"status-publish","4":"has-post-thumbnail","6":"product_cat-antikvarne-knjige","7":"product_cat-katalog-knjig","8":"product_cat-knjige-v-tujih-jezikih","9":"product_cat-o-umetnosti","10":"product_cat-slikarstvo-kiparstvo-grafika","11":"product_cat-srbski-hrvaski-jezik","12":"product_cat-umetnost","14":"first","15":"instock","16":"taxable","17":"shipping-taxable","18":"purchasable","19":"product-type-simple"},"jetpack_sharing_enabled":true,"_links":{"self":[{"href":"https:\/\/www.antikvariat-vodnik.si\/index.php?rest_route=\/wp\/v2\/product\/30410","targetHints":{"allow":["GET"]}}],"collection":[{"href":"https:\/\/www.antikvariat-vodnik.si\/index.php?rest_route=\/wp\/v2\/product"}],"about":[{"href":"https:\/\/www.antikvariat-vodnik.si\/index.php?rest_route=\/wp\/v2\/types\/product"}],"wp:featuredmedia":[{"embeddable":true,"href":"https:\/\/www.antikvariat-vodnik.si\/index.php?rest_route=\/wp\/v2\/media\/30411"}],"wp:attachment":[{"href":"https:\/\/www.antikvariat-vodnik.si\/index.php?rest_route=%2Fwp%2Fv2%2Fmedia&parent=30410"}],"wp:term":[{"taxonomy":"product_brand","embeddable":true,"href":"https:\/\/www.antikvariat-vodnik.si\/index.php?rest_route=%2Fwp%2Fv2%2Fproduct_brand&post=30410"},{"taxonomy":"product_cat","embeddable":true,"href":"https:\/\/www.antikvariat-vodnik.si\/index.php?rest_route=%2Fwp%2Fv2%2Fproduct_cat&post=30410"},{"taxonomy":"product_tag","embeddable":true,"href":"https:\/\/www.antikvariat-vodnik.si\/index.php?rest_route=%2Fwp%2Fv2%2Fproduct_tag&post=30410"}],"curies":[{"name":"wp","href":"https:\/\/api.w.org\/{rel}","templated":true}]}}