{"id":30364,"date":"2022-09-19T14:20:08","date_gmt":"2022-09-19T12:20:08","guid":{"rendered":"https:\/\/www.antikvariat-vodnik.si\/?post_type=product&#038;p=30364"},"modified":"2022-09-19T14:22:20","modified_gmt":"2022-09-19T12:22:20","slug":"zivali-zlatorogovega-kraljestva-v-ljudskem-izrocilu-dusica-kunaver","status":"publish","type":"product","link":"https:\/\/www.antikvariat-vodnik.si\/?product=zivali-zlatorogovega-kraljestva-v-ljudskem-izrocilu-dusica-kunaver","title":{"rendered":"\u017dIVALI ZLATOROGOVEGA KRALJESTVA V LJUDSKEM IZRO\u010cILU, Du\u0161ica Kunaver"},"content":{"rendered":"<p>136 strani, trda vezava + \u0161\u010ditni ovitek, 21,5 cm, samozal., 1996, lepo ohranjena<\/p>\n","protected":false},"excerpt":{"rendered":"<p>136 strani, trda vezava + \u0161\u010ditni ovitek, 21,5 cm, samozal., 1996, lepo ohranjena<\/p>\n","protected":false},"featured_media":30368,"template":"","meta":{"_monsterinsights_skip_tracking":false,"_monsterinsights_sitenote_active":false,"_monsterinsights_sitenote_note":"","_monsterinsights_sitenote_category":0},"product_brand":[],"product_cat":[17,16],"product_tag":[],"class_list":{"0":"post-30364","1":"product","2":"type-product","3":"status-publish","4":"has-post-thumbnail","6":"product_cat-antikvarne-knjige","7":"product_cat-katalog-knjig","9":"first","10":"instock","11":"taxable","12":"shipping-taxable","13":"purchasable","14":"product-type-simple"},"jetpack_sharing_enabled":true,"_links":{"self":[{"href":"https:\/\/www.antikvariat-vodnik.si\/index.php?rest_route=\/wp\/v2\/product\/30364","targetHints":{"allow":["GET"]}}],"collection":[{"href":"https:\/\/www.antikvariat-vodnik.si\/index.php?rest_route=\/wp\/v2\/product"}],"about":[{"href":"https:\/\/www.antikvariat-vodnik.si\/index.php?rest_route=\/wp\/v2\/types\/product"}],"wp:featuredmedia":[{"embeddable":true,"href":"https:\/\/www.antikvariat-vodnik.si\/index.php?rest_route=\/wp\/v2\/media\/30368"}],"wp:attachment":[{"href":"https:\/\/www.antikvariat-vodnik.si\/index.php?rest_route=%2Fwp%2Fv2%2Fmedia&parent=30364"}],"wp:term":[{"taxonomy":"product_brand","embeddable":true,"href":"https:\/\/www.antikvariat-vodnik.si\/index.php?rest_route=%2Fwp%2Fv2%2Fproduct_brand&post=30364"},{"taxonomy":"product_cat","embeddable":true,"href":"https:\/\/www.antikvariat-vodnik.si\/index.php?rest_route=%2Fwp%2Fv2%2Fproduct_cat&post=30364"},{"taxonomy":"product_tag","embeddable":true,"href":"https:\/\/www.antikvariat-vodnik.si\/index.php?rest_route=%2Fwp%2Fv2%2Fproduct_tag&post=30364"}],"curies":[{"name":"wp","href":"https:\/\/api.w.org\/{rel}","templated":true}]}}