{"id":29954,"date":"2022-09-12T16:45:08","date_gmt":"2022-09-12T14:45:08","guid":{"rendered":"https:\/\/www.antikvariat-vodnik.si\/?post_type=product&#038;p=29954"},"modified":"2025-09-01T19:18:40","modified_gmt":"2025-09-01T17:18:40","slug":"strudlhofovo-stopnisce-ali-melzer-in-globina-let-heimito-von-doderer","status":"publish","type":"product","link":"https:\/\/www.antikvariat-vodnik.si\/?product=strudlhofovo-stopnisce-ali-melzer-in-globina-let-heimito-von-doderer","title":{"rendered":"STRUDLHOFOVO STOPNI\u0160\u010cE ALI MELZER IN GLOBINA LET, Heimito von Doderer"},"content":{"rendered":"<p>696 strani, trda vezava, 18.5 cm, Mihela\u010d, 1994, lepo ohranjeno.<\/p>\n","protected":false},"excerpt":{"rendered":"<p>696 strani, trda vezava, 18.5 cm, Mihela\u010d, 1994, lepo ohranjeno.<\/p>\n","protected":false},"featured_media":29955,"template":"","meta":{"_monsterinsights_skip_tracking":false,"_monsterinsights_sitenote_active":false,"_monsterinsights_sitenote_note":"","_monsterinsights_sitenote_category":0},"product_brand":[],"product_cat":[17,16,27,65,68],"product_tag":[],"class_list":{"0":"post-29954","1":"product","2":"type-product","3":"status-publish","4":"has-post-thumbnail","6":"product_cat-antikvarne-knjige","7":"product_cat-katalog-knjig","8":"product_cat-leposlovje","9":"product_cat-proza-tuji-avtorji","10":"product_cat-zanrska-proza-zgodovinski-kriminalni-ljubezenski-znanstvenofantasticni-romani","12":"first","13":"instock","14":"taxable","15":"shipping-taxable","16":"purchasable","17":"product-type-simple"},"jetpack_sharing_enabled":true,"_links":{"self":[{"href":"https:\/\/www.antikvariat-vodnik.si\/index.php?rest_route=\/wp\/v2\/product\/29954","targetHints":{"allow":["GET"]}}],"collection":[{"href":"https:\/\/www.antikvariat-vodnik.si\/index.php?rest_route=\/wp\/v2\/product"}],"about":[{"href":"https:\/\/www.antikvariat-vodnik.si\/index.php?rest_route=\/wp\/v2\/types\/product"}],"wp:featuredmedia":[{"embeddable":true,"href":"https:\/\/www.antikvariat-vodnik.si\/index.php?rest_route=\/wp\/v2\/media\/29955"}],"wp:attachment":[{"href":"https:\/\/www.antikvariat-vodnik.si\/index.php?rest_route=%2Fwp%2Fv2%2Fmedia&parent=29954"}],"wp:term":[{"taxonomy":"product_brand","embeddable":true,"href":"https:\/\/www.antikvariat-vodnik.si\/index.php?rest_route=%2Fwp%2Fv2%2Fproduct_brand&post=29954"},{"taxonomy":"product_cat","embeddable":true,"href":"https:\/\/www.antikvariat-vodnik.si\/index.php?rest_route=%2Fwp%2Fv2%2Fproduct_cat&post=29954"},{"taxonomy":"product_tag","embeddable":true,"href":"https:\/\/www.antikvariat-vodnik.si\/index.php?rest_route=%2Fwp%2Fv2%2Fproduct_tag&post=29954"}],"curies":[{"name":"wp","href":"https:\/\/api.w.org\/{rel}","templated":true}]}}