{"id":29795,"date":"2022-09-09T13:50:21","date_gmt":"2022-09-09T11:50:21","guid":{"rendered":"https:\/\/www.antikvariat-vodnik.si\/?post_type=product&#038;p=29795"},"modified":"2024-10-31T14:53:17","modified_gmt":"2024-10-31T13:53:17","slug":"operni-spevi-uredil-smilijan-samec","status":"publish","type":"product","link":"https:\/\/www.antikvariat-vodnik.si\/?product=operni-spevi-uredil-smilijan-samec","title":{"rendered":"OPERNI SPEVI, uredil Smilijan Samec"},"content":{"rendered":"<p>BESEDILA NAJLEP\u0160IH OPERNIH ARIJ<\/p>\n<p>152 strani, trda vezava, \u0161\u010ditni ovitek, 20.5 cm, MK, 1977, lepo ohranjena.<\/p>\n<p>&nbsp;<\/p>\n","protected":false},"excerpt":{"rendered":"<p>BESEDILA NAJLEP\u0160IH OPERNIH ARIJ 152 strani, trda vezava, \u0161\u010ditni ovitek, 20.5 cm, MK, 1977, lepo ohranjena. &nbsp;<\/p>\n","protected":false},"featured_media":29796,"template":"","meta":{"_monsterinsights_skip_tracking":false,"_monsterinsights_sitenote_active":false,"_monsterinsights_sitenote_note":"","_monsterinsights_sitenote_category":0},"product_brand":[],"product_cat":[17,60,16,24],"product_tag":[],"class_list":{"0":"post-29795","1":"product","2":"type-product","3":"status-publish","4":"has-post-thumbnail","6":"product_cat-antikvarne-knjige","7":"product_cat-glasba-gledalisce-ples","8":"product_cat-katalog-knjig","9":"product_cat-umetnost","11":"first","12":"instock","13":"taxable","14":"shipping-taxable","15":"purchasable","16":"product-type-simple"},"jetpack_sharing_enabled":true,"_links":{"self":[{"href":"https:\/\/www.antikvariat-vodnik.si\/index.php?rest_route=\/wp\/v2\/product\/29795","targetHints":{"allow":["GET"]}}],"collection":[{"href":"https:\/\/www.antikvariat-vodnik.si\/index.php?rest_route=\/wp\/v2\/product"}],"about":[{"href":"https:\/\/www.antikvariat-vodnik.si\/index.php?rest_route=\/wp\/v2\/types\/product"}],"wp:featuredmedia":[{"embeddable":true,"href":"https:\/\/www.antikvariat-vodnik.si\/index.php?rest_route=\/wp\/v2\/media\/29796"}],"wp:attachment":[{"href":"https:\/\/www.antikvariat-vodnik.si\/index.php?rest_route=%2Fwp%2Fv2%2Fmedia&parent=29795"}],"wp:term":[{"taxonomy":"product_brand","embeddable":true,"href":"https:\/\/www.antikvariat-vodnik.si\/index.php?rest_route=%2Fwp%2Fv2%2Fproduct_brand&post=29795"},{"taxonomy":"product_cat","embeddable":true,"href":"https:\/\/www.antikvariat-vodnik.si\/index.php?rest_route=%2Fwp%2Fv2%2Fproduct_cat&post=29795"},{"taxonomy":"product_tag","embeddable":true,"href":"https:\/\/www.antikvariat-vodnik.si\/index.php?rest_route=%2Fwp%2Fv2%2Fproduct_tag&post=29795"}],"curies":[{"name":"wp","href":"https:\/\/api.w.org\/{rel}","templated":true}]}}