{"id":29792,"date":"2022-09-09T13:44:58","date_gmt":"2022-09-09T11:44:58","guid":{"rendered":"https:\/\/www.antikvariat-vodnik.si\/?post_type=product&#038;p=29792"},"modified":"2022-09-09T13:46:25","modified_gmt":"2022-09-09T11:46:25","slug":"21-stoletje-srecko-jamnisek","status":"publish","type":"product","link":"https:\/\/www.antikvariat-vodnik.si\/?product=21-stoletje-srecko-jamnisek","title":{"rendered":"21. STOLETJE, Sre\u010dko Jamni\u0161ek"},"content":{"rendered":"<p>208 strani, trda vezava, 20.5 cm, samozalo\u017eba, 2009, lepo ohranjena.<\/p>\n","protected":false},"excerpt":{"rendered":"<p>208 strani, trda vezava, 20.5 cm, samozalo\u017eba, 2009, lepo ohranjena.<\/p>\n","protected":false},"featured_media":29793,"template":"","meta":{"_monsterinsights_skip_tracking":false,"_monsterinsights_sitenote_active":false,"_monsterinsights_sitenote_note":"","_monsterinsights_sitenote_category":0},"product_brand":[],"product_cat":[17,88,19,16,95,96,43],"product_tag":[],"class_list":{"0":"post-29792","1":"product","2":"type-product","3":"status-publish","4":"has-post-thumbnail","6":"product_cat-antikvarne-knjige","7":"product_cat-filozofija-psihologija-sociologija","8":"product_cat-humanistika-druzboslovje","9":"product_cat-katalog-knjig","10":"product_cat-kultura-humanistika-druzboslovje","11":"product_cat-politika","12":"product_cat-zgodovina-domoznanstvo","14":"first","15":"instock","16":"taxable","17":"shipping-taxable","18":"purchasable","19":"product-type-simple"},"jetpack_sharing_enabled":true,"_links":{"self":[{"href":"https:\/\/www.antikvariat-vodnik.si\/index.php?rest_route=\/wp\/v2\/product\/29792","targetHints":{"allow":["GET"]}}],"collection":[{"href":"https:\/\/www.antikvariat-vodnik.si\/index.php?rest_route=\/wp\/v2\/product"}],"about":[{"href":"https:\/\/www.antikvariat-vodnik.si\/index.php?rest_route=\/wp\/v2\/types\/product"}],"wp:featuredmedia":[{"embeddable":true,"href":"https:\/\/www.antikvariat-vodnik.si\/index.php?rest_route=\/wp\/v2\/media\/29793"}],"wp:attachment":[{"href":"https:\/\/www.antikvariat-vodnik.si\/index.php?rest_route=%2Fwp%2Fv2%2Fmedia&parent=29792"}],"wp:term":[{"taxonomy":"product_brand","embeddable":true,"href":"https:\/\/www.antikvariat-vodnik.si\/index.php?rest_route=%2Fwp%2Fv2%2Fproduct_brand&post=29792"},{"taxonomy":"product_cat","embeddable":true,"href":"https:\/\/www.antikvariat-vodnik.si\/index.php?rest_route=%2Fwp%2Fv2%2Fproduct_cat&post=29792"},{"taxonomy":"product_tag","embeddable":true,"href":"https:\/\/www.antikvariat-vodnik.si\/index.php?rest_route=%2Fwp%2Fv2%2Fproduct_tag&post=29792"}],"curies":[{"name":"wp","href":"https:\/\/api.w.org\/{rel}","templated":true}]}}