{"id":29763,"date":"2022-09-09T12:17:48","date_gmt":"2022-09-09T10:17:48","guid":{"rendered":"https:\/\/www.antikvariat-vodnik.si\/?post_type=product&#038;p=29763"},"modified":"2022-09-09T12:24:14","modified_gmt":"2022-09-09T10:24:14","slug":"kaj-si-bo-narod-mislis-peter-simonic","status":"publish","type":"product","link":"https:\/\/www.antikvariat-vodnik.si\/?product=kaj-si-bo-narod-mislis-peter-simonic","title":{"rendered":"KAJ SI BO NAROD MISLIS?, Peter Simoni\u010d"},"content":{"rendered":"<p>248 strani, mehka vezava, 23 cm, Zupan\u010di\u010deva knji\u017enica, 2009, lepo ohranjena.<\/p>\n","protected":false},"excerpt":{"rendered":"<p>248 strani, mehka vezava, 23 cm, Zupan\u010di\u010deva knji\u017enica, 2009, lepo ohranjena.<\/p>\n","protected":false},"featured_media":29764,"template":"","meta":{"_monsterinsights_skip_tracking":false,"_monsterinsights_sitenote_active":false,"_monsterinsights_sitenote_note":"","_monsterinsights_sitenote_category":0},"product_brand":[],"product_cat":[17,19,16,95,96,43],"product_tag":[],"class_list":{"0":"post-29763","1":"product","2":"type-product","3":"status-publish","4":"has-post-thumbnail","6":"product_cat-antikvarne-knjige","7":"product_cat-humanistika-druzboslovje","8":"product_cat-katalog-knjig","9":"product_cat-kultura-humanistika-druzboslovje","10":"product_cat-politika","11":"product_cat-zgodovina-domoznanstvo","13":"first","14":"instock","15":"taxable","16":"shipping-taxable","17":"purchasable","18":"product-type-simple"},"jetpack_sharing_enabled":true,"_links":{"self":[{"href":"https:\/\/www.antikvariat-vodnik.si\/index.php?rest_route=\/wp\/v2\/product\/29763","targetHints":{"allow":["GET"]}}],"collection":[{"href":"https:\/\/www.antikvariat-vodnik.si\/index.php?rest_route=\/wp\/v2\/product"}],"about":[{"href":"https:\/\/www.antikvariat-vodnik.si\/index.php?rest_route=\/wp\/v2\/types\/product"}],"wp:featuredmedia":[{"embeddable":true,"href":"https:\/\/www.antikvariat-vodnik.si\/index.php?rest_route=\/wp\/v2\/media\/29764"}],"wp:attachment":[{"href":"https:\/\/www.antikvariat-vodnik.si\/index.php?rest_route=%2Fwp%2Fv2%2Fmedia&parent=29763"}],"wp:term":[{"taxonomy":"product_brand","embeddable":true,"href":"https:\/\/www.antikvariat-vodnik.si\/index.php?rest_route=%2Fwp%2Fv2%2Fproduct_brand&post=29763"},{"taxonomy":"product_cat","embeddable":true,"href":"https:\/\/www.antikvariat-vodnik.si\/index.php?rest_route=%2Fwp%2Fv2%2Fproduct_cat&post=29763"},{"taxonomy":"product_tag","embeddable":true,"href":"https:\/\/www.antikvariat-vodnik.si\/index.php?rest_route=%2Fwp%2Fv2%2Fproduct_tag&post=29763"}],"curies":[{"name":"wp","href":"https:\/\/api.w.org\/{rel}","templated":true}]}}