{"id":29695,"date":"2022-09-08T14:15:30","date_gmt":"2022-09-08T12:15:30","guid":{"rendered":"https:\/\/www.antikvariat-vodnik.si\/?post_type=product&#038;p=29695"},"modified":"2026-03-27T16:38:13","modified_gmt":"2026-03-27T15:38:13","slug":"zakladi-tisocletij","status":"publish","type":"product","link":"https:\/\/www.antikvariat-vodnik.si\/?product=zakladi-tisocletij","title":{"rendered":"ZAKLADI TISO\u010cLETIJ, zgodovina Slovenije od neandertalcev do Slovanov"},"content":{"rendered":"<p>430 strani, trda vezava + \u0161\u010ditni ovitek, 30 cm, Modrijan, 1999, zelo lepo ohranjena<\/p>\n","protected":false},"excerpt":{"rendered":"<p>430 strani, trda vezava + \u0161\u010ditni ovitek, 30 cm, Modrijan, 1999, zelo lepo ohranjena<\/p>\n","protected":false},"featured_media":29696,"template":"","meta":{"_monsterinsights_skip_tracking":false,"_monsterinsights_sitenote_active":false,"_monsterinsights_sitenote_note":"","_monsterinsights_sitenote_category":0},"product_brand":[],"product_cat":[17,19,16,58,24,43],"product_tag":[],"class_list":{"0":"post-29695","1":"product","2":"type-product","3":"status-publish","4":"has-post-thumbnail","6":"product_cat-antikvarne-knjige","7":"product_cat-humanistika-druzboslovje","8":"product_cat-katalog-knjig","9":"product_cat-o-umetnosti","10":"product_cat-umetnost","11":"product_cat-zgodovina-domoznanstvo","13":"first","14":"instock","15":"taxable","16":"shipping-taxable","17":"purchasable","18":"product-type-simple"},"jetpack_sharing_enabled":true,"_links":{"self":[{"href":"https:\/\/www.antikvariat-vodnik.si\/index.php?rest_route=\/wp\/v2\/product\/29695","targetHints":{"allow":["GET"]}}],"collection":[{"href":"https:\/\/www.antikvariat-vodnik.si\/index.php?rest_route=\/wp\/v2\/product"}],"about":[{"href":"https:\/\/www.antikvariat-vodnik.si\/index.php?rest_route=\/wp\/v2\/types\/product"}],"wp:featuredmedia":[{"embeddable":true,"href":"https:\/\/www.antikvariat-vodnik.si\/index.php?rest_route=\/wp\/v2\/media\/29696"}],"wp:attachment":[{"href":"https:\/\/www.antikvariat-vodnik.si\/index.php?rest_route=%2Fwp%2Fv2%2Fmedia&parent=29695"}],"wp:term":[{"taxonomy":"product_brand","embeddable":true,"href":"https:\/\/www.antikvariat-vodnik.si\/index.php?rest_route=%2Fwp%2Fv2%2Fproduct_brand&post=29695"},{"taxonomy":"product_cat","embeddable":true,"href":"https:\/\/www.antikvariat-vodnik.si\/index.php?rest_route=%2Fwp%2Fv2%2Fproduct_cat&post=29695"},{"taxonomy":"product_tag","embeddable":true,"href":"https:\/\/www.antikvariat-vodnik.si\/index.php?rest_route=%2Fwp%2Fv2%2Fproduct_tag&post=29695"}],"curies":[{"name":"wp","href":"https:\/\/api.w.org\/{rel}","templated":true}]}}