{"id":2920,"date":"2020-12-17T17:23:29","date_gmt":"2020-12-17T16:23:29","guid":{"rendered":"https:\/\/www.antikvariat-vodnik.si\/?post_type=product&#038;p=2920"},"modified":"2020-12-17T17:24:00","modified_gmt":"2020-12-17T16:24:00","slug":"preobrazeni-hram-transfigured-church-nikolai-mukhin","status":"publish","type":"product","link":"https:\/\/www.antikvariat-vodnik.si\/?product=preobrazeni-hram-transfigured-church-nikolai-mukhin","title":{"rendered":"PREOBRA\u017dENI HRAM &#8211; TRANSFIGURED CHURCH, Nikolai Mukhin"},"content":{"rendered":"<div class=\"wrap-main\">\n<div class=\"wrap-content ContentLayout ContentLayout--delta ContentLayout--baseEntity cf\">\n<div class=\"content-primary\">\n<div class=\"wrap-content-primary cf\">\n<div class=\"content-main\">\n<article class=\"base-entity \">\n<div class=\"base-entity-content-container block-standard block-standard--with-tabs\">\n<div class=\"base-entity-content block-standard-content block-standard-content--alpha\">\n<div id=\"base-entity-data-tab\" class=\"tab-block entity-tab base-entity-tab base-entity-tab--data kist-Tabify-pane is-active\" role=\"tabpanel\" aria-hidden=\"false\" aria-labelledby=\"base-entity-data-tab\">\n<div class=\"wrap-base-entity-tab--data cf\">\n<div class=\"base-entity-description\">\n<div class=\"passage-standard passage-standard--alpha\">\n<div id=\"__xclaimwords_wrapper\">\n<p>jezik ruski, angle\u0161ki, 240 strani, trda vezava, \u0161\u010ditni ovitek, 30 cm, lepo ohranjeno<\/p>\n<\/div>\n<\/div>\n<\/div>\n<\/div>\n<\/div>\n<\/div>\n<\/div>\n<\/article>\n<\/div>\n<\/div>\n<\/div>\n<\/div>\n<\/div>\n","protected":false},"excerpt":{"rendered":"<p>jezik ruski, angle\u0161ki, 240 strani, trda vezava, \u0161\u010ditni ovitek, 30 cm, lepo ohranjeno<\/p>\n","protected":false},"featured_media":2491,"template":"","meta":{"_monsterinsights_skip_tracking":false,"_monsterinsights_sitenote_active":false,"_monsterinsights_sitenote_note":"","_monsterinsights_sitenote_category":0},"product_brand":[],"product_cat":[16,30,59,24],"product_tag":[],"class_list":{"0":"post-2920","1":"product","2":"type-product","3":"status-publish","4":"has-post-thumbnail","6":"product_cat-katalog-knjig","7":"product_cat-religija","8":"product_cat-slikarstvo-kiparstvo-grafika","9":"product_cat-umetnost","11":"first","12":"instock","13":"taxable","14":"shipping-taxable","15":"purchasable","16":"product-type-simple"},"jetpack_sharing_enabled":true,"_links":{"self":[{"href":"https:\/\/www.antikvariat-vodnik.si\/index.php?rest_route=\/wp\/v2\/product\/2920","targetHints":{"allow":["GET"]}}],"collection":[{"href":"https:\/\/www.antikvariat-vodnik.si\/index.php?rest_route=\/wp\/v2\/product"}],"about":[{"href":"https:\/\/www.antikvariat-vodnik.si\/index.php?rest_route=\/wp\/v2\/types\/product"}],"wp:featuredmedia":[{"embeddable":true,"href":"https:\/\/www.antikvariat-vodnik.si\/index.php?rest_route=\/wp\/v2\/media\/2491"}],"wp:attachment":[{"href":"https:\/\/www.antikvariat-vodnik.si\/index.php?rest_route=%2Fwp%2Fv2%2Fmedia&parent=2920"}],"wp:term":[{"taxonomy":"product_brand","embeddable":true,"href":"https:\/\/www.antikvariat-vodnik.si\/index.php?rest_route=%2Fwp%2Fv2%2Fproduct_brand&post=2920"},{"taxonomy":"product_cat","embeddable":true,"href":"https:\/\/www.antikvariat-vodnik.si\/index.php?rest_route=%2Fwp%2Fv2%2Fproduct_cat&post=2920"},{"taxonomy":"product_tag","embeddable":true,"href":"https:\/\/www.antikvariat-vodnik.si\/index.php?rest_route=%2Fwp%2Fv2%2Fproduct_tag&post=2920"}],"curies":[{"name":"wp","href":"https:\/\/api.w.org\/{rel}","templated":true}]}}