{"id":28723,"date":"2022-08-24T12:14:12","date_gmt":"2022-08-24T10:14:12","guid":{"rendered":"https:\/\/www.antikvariat-vodnik.si\/?post_type=product&#038;p=28723"},"modified":"2025-06-14T17:59:14","modified_gmt":"2025-06-14T15:59:14","slug":"veliki-kuharski-vodnik-za-diabetike-darja-lovsin","status":"publish","type":"product","link":"https:\/\/www.antikvariat-vodnik.si\/?product=veliki-kuharski-vodnik-za-diabetike-darja-lovsin","title":{"rendered":"VELIKI KUHARSKI VODNIK ZA DIABETIKE, Darja Lov\u0161in"},"content":{"rendered":"<p>256 strani, trda vezava, 26.5 cm, Zalo\u017eba Tales Lov\u0161in, 2008, lepo ohranjena.<\/p>\n","protected":false},"excerpt":{"rendered":"<p>256 strani, trda vezava, 26.5 cm, Zalo\u017eba Tales Lov\u0161in, 2008, lepo ohranjena.<\/p>\n","protected":false},"featured_media":28724,"template":"","meta":{"_monsterinsights_skip_tracking":false,"_monsterinsights_sitenote_active":false,"_monsterinsights_sitenote_note":"","_monsterinsights_sitenote_category":0},"product_brand":[],"product_cat":[17,16,50,26,49],"product_tag":[],"class_list":{"0":"post-28723","1":"product","2":"type-product","3":"status-publish","4":"has-post-thumbnail","6":"product_cat-antikvarne-knjige","7":"product_cat-katalog-knjig","8":"product_cat-kulinarika","9":"product_cat-prirocniki-uporabne-vede-duhovnost","10":"product_cat-zdravje","12":"first","13":"instock","14":"taxable","15":"shipping-taxable","16":"purchasable","17":"product-type-simple"},"jetpack_sharing_enabled":true,"_links":{"self":[{"href":"https:\/\/www.antikvariat-vodnik.si\/index.php?rest_route=\/wp\/v2\/product\/28723","targetHints":{"allow":["GET"]}}],"collection":[{"href":"https:\/\/www.antikvariat-vodnik.si\/index.php?rest_route=\/wp\/v2\/product"}],"about":[{"href":"https:\/\/www.antikvariat-vodnik.si\/index.php?rest_route=\/wp\/v2\/types\/product"}],"wp:featuredmedia":[{"embeddable":true,"href":"https:\/\/www.antikvariat-vodnik.si\/index.php?rest_route=\/wp\/v2\/media\/28724"}],"wp:attachment":[{"href":"https:\/\/www.antikvariat-vodnik.si\/index.php?rest_route=%2Fwp%2Fv2%2Fmedia&parent=28723"}],"wp:term":[{"taxonomy":"product_brand","embeddable":true,"href":"https:\/\/www.antikvariat-vodnik.si\/index.php?rest_route=%2Fwp%2Fv2%2Fproduct_brand&post=28723"},{"taxonomy":"product_cat","embeddable":true,"href":"https:\/\/www.antikvariat-vodnik.si\/index.php?rest_route=%2Fwp%2Fv2%2Fproduct_cat&post=28723"},{"taxonomy":"product_tag","embeddable":true,"href":"https:\/\/www.antikvariat-vodnik.si\/index.php?rest_route=%2Fwp%2Fv2%2Fproduct_tag&post=28723"}],"curies":[{"name":"wp","href":"https:\/\/api.w.org\/{rel}","templated":true}]}}