{"id":28135,"date":"2022-08-02T20:15:52","date_gmt":"2022-08-02T18:15:52","guid":{"rendered":"https:\/\/www.antikvariat-vodnik.si\/?post_type=product&#038;p=28135"},"modified":"2022-08-02T20:16:54","modified_gmt":"2022-08-02T18:16:54","slug":"glasbilarstvo-na-slovenskem-darja-koter","status":"publish","type":"product","link":"https:\/\/www.antikvariat-vodnik.si\/?product=glasbilarstvo-na-slovenskem-darja-koter","title":{"rendered":"GLASBILARSTVO NA SLOVENSKEM, Darja Koter"},"content":{"rendered":"<p>200 strani, \u0161\u010ditni ovitek, 23 cm, Zalo\u017eba Obzorja, 2001, lepo ohranjena.<\/p>\n","protected":false},"excerpt":{"rendered":"<p>200 strani, \u0161\u010ditni ovitek, 23 cm, Zalo\u017eba Obzorja, 2001, lepo ohranjena.<\/p>\n","protected":false},"featured_media":28136,"template":"","meta":{"_monsterinsights_skip_tracking":false,"_monsterinsights_sitenote_active":false,"_monsterinsights_sitenote_note":"","_monsterinsights_sitenote_category":0},"product_brand":[],"product_cat":[17,60,19,16,58,24,43],"product_tag":[],"class_list":{"0":"post-28135","1":"product","2":"type-product","3":"status-publish","4":"has-post-thumbnail","6":"product_cat-antikvarne-knjige","7":"product_cat-glasba-gledalisce-ples","8":"product_cat-humanistika-druzboslovje","9":"product_cat-katalog-knjig","10":"product_cat-o-umetnosti","11":"product_cat-umetnost","12":"product_cat-zgodovina-domoznanstvo","14":"first","15":"instock","16":"taxable","17":"shipping-taxable","18":"purchasable","19":"product-type-simple"},"jetpack_sharing_enabled":true,"_links":{"self":[{"href":"https:\/\/www.antikvariat-vodnik.si\/index.php?rest_route=\/wp\/v2\/product\/28135","targetHints":{"allow":["GET"]}}],"collection":[{"href":"https:\/\/www.antikvariat-vodnik.si\/index.php?rest_route=\/wp\/v2\/product"}],"about":[{"href":"https:\/\/www.antikvariat-vodnik.si\/index.php?rest_route=\/wp\/v2\/types\/product"}],"wp:featuredmedia":[{"embeddable":true,"href":"https:\/\/www.antikvariat-vodnik.si\/index.php?rest_route=\/wp\/v2\/media\/28136"}],"wp:attachment":[{"href":"https:\/\/www.antikvariat-vodnik.si\/index.php?rest_route=%2Fwp%2Fv2%2Fmedia&parent=28135"}],"wp:term":[{"taxonomy":"product_brand","embeddable":true,"href":"https:\/\/www.antikvariat-vodnik.si\/index.php?rest_route=%2Fwp%2Fv2%2Fproduct_brand&post=28135"},{"taxonomy":"product_cat","embeddable":true,"href":"https:\/\/www.antikvariat-vodnik.si\/index.php?rest_route=%2Fwp%2Fv2%2Fproduct_cat&post=28135"},{"taxonomy":"product_tag","embeddable":true,"href":"https:\/\/www.antikvariat-vodnik.si\/index.php?rest_route=%2Fwp%2Fv2%2Fproduct_tag&post=28135"}],"curies":[{"name":"wp","href":"https:\/\/api.w.org\/{rel}","templated":true}]}}