{"id":27438,"date":"2022-07-12T12:13:56","date_gmt":"2022-07-12T10:13:56","guid":{"rendered":"https:\/\/www.antikvariat-vodnik.si\/?post_type=product&#038;p=27438"},"modified":"2025-12-11T17:39:18","modified_gmt":"2025-12-11T16:39:18","slug":"privlacna-slovenija-slovenia-attracts-marjan-bradesko","status":"publish","type":"product","link":"https:\/\/www.antikvariat-vodnik.si\/?product=privlacna-slovenija-slovenia-attracts-marjan-bradesko","title":{"rendered":"PRIVLA\u010cNA SLOVENIJA \/ SLOVENIA ATTRACTS, Marjan Brade\u0161ko"},"content":{"rendered":"<p>128 strani, trda vezava, 25 cm, Zalo\u017eba Kme\u010dki glas, 2009, lepo ohranjena.<\/p>\n","protected":false},"excerpt":{"rendered":"<p>128 strani, trda vezava, 25 cm, Zalo\u017eba Kme\u010dki glas, 2009, lepo ohranjena.<\/p>\n","protected":false},"featured_media":27439,"template":"","meta":{"_monsterinsights_skip_tracking":false,"_monsterinsights_sitenote_active":false,"_monsterinsights_sitenote_note":"","_monsterinsights_sitenote_category":0},"product_brand":[],"product_cat":[17,48,19,16,26,55,43],"product_tag":[],"class_list":{"0":"post-27438","1":"product","2":"type-product","3":"status-publish","4":"has-post-thumbnail","6":"product_cat-antikvarne-knjige","7":"product_cat-geografija-arheologija","8":"product_cat-humanistika-druzboslovje","9":"product_cat-katalog-knjig","10":"product_cat-prirocniki-uporabne-vede-duhovnost","11":"product_cat-turizem-gornistvo-alpinizem","12":"product_cat-zgodovina-domoznanstvo","14":"first","15":"instock","16":"taxable","17":"shipping-taxable","18":"purchasable","19":"product-type-simple"},"jetpack_sharing_enabled":true,"_links":{"self":[{"href":"https:\/\/www.antikvariat-vodnik.si\/index.php?rest_route=\/wp\/v2\/product\/27438","targetHints":{"allow":["GET"]}}],"collection":[{"href":"https:\/\/www.antikvariat-vodnik.si\/index.php?rest_route=\/wp\/v2\/product"}],"about":[{"href":"https:\/\/www.antikvariat-vodnik.si\/index.php?rest_route=\/wp\/v2\/types\/product"}],"wp:featuredmedia":[{"embeddable":true,"href":"https:\/\/www.antikvariat-vodnik.si\/index.php?rest_route=\/wp\/v2\/media\/27439"}],"wp:attachment":[{"href":"https:\/\/www.antikvariat-vodnik.si\/index.php?rest_route=%2Fwp%2Fv2%2Fmedia&parent=27438"}],"wp:term":[{"taxonomy":"product_brand","embeddable":true,"href":"https:\/\/www.antikvariat-vodnik.si\/index.php?rest_route=%2Fwp%2Fv2%2Fproduct_brand&post=27438"},{"taxonomy":"product_cat","embeddable":true,"href":"https:\/\/www.antikvariat-vodnik.si\/index.php?rest_route=%2Fwp%2Fv2%2Fproduct_cat&post=27438"},{"taxonomy":"product_tag","embeddable":true,"href":"https:\/\/www.antikvariat-vodnik.si\/index.php?rest_route=%2Fwp%2Fv2%2Fproduct_tag&post=27438"}],"curies":[{"name":"wp","href":"https:\/\/api.w.org\/{rel}","templated":true}]}}