{"id":27120,"date":"2022-07-08T17:33:56","date_gmt":"2022-07-08T15:33:56","guid":{"rendered":"https:\/\/www.antikvariat-vodnik.si\/?post_type=product&#038;p=27120"},"modified":"2026-03-12T18:22:04","modified_gmt":"2026-03-12T17:22:04","slug":"zabavne-naloge-z-nalepkami","status":"publish","type":"product","link":"https:\/\/www.antikvariat-vodnik.si\/?product=zabavne-naloge-z-nalepkami","title":{"rendered":"ZABAVNE NALOGE Z NALEPKAMI"},"content":{"rendered":"<p>Kdo je vsiljivec, poi\u0161\u010di pare, spoznavaj \u010drke, prava pot, \u0161tej in povezuj \u2026 V imenitni zbirki so raznolike naloge, s katerimi otroci vadijo opazovanje, motori\u010dne spretnosti, \u0161tetje in opismenjevanje. Polna je barvitih ilustracij in nalepk, zato je re\u0161evanje \u0161e toliko bolj zabavno. Za otroke od tretjega leta.<\/p>\n","protected":false},"excerpt":{"rendered":"<p>Kdo je vsiljivec, poi\u0161\u010di pare, spoznavaj \u010drke, prava pot, \u0161tej in povezuj \u2026 V imenitni zbirki so raznolike naloge, s katerimi otroci vadijo opazovanje, motori\u010dne spretnosti, \u0161tetje in opismenjevanje. Polna je barvitih ilustracij in nalepk, zato je re\u0161evanje \u0161e toliko bolj zabavno. Za otroke od tretjega leta.<\/p>\n","protected":false},"featured_media":27122,"template":"","meta":{"_monsterinsights_skip_tracking":false,"_monsterinsights_sitenote_active":false,"_monsterinsights_sitenote_note":"","_monsterinsights_sitenote_category":0},"product_brand":[],"product_cat":[16,18,40],"product_tag":[],"class_list":{"0":"post-27120","1":"product","2":"type-product","3":"status-publish","4":"has-post-thumbnail","6":"product_cat-katalog-knjig","7":"product_cat-nove-knjige","8":"product_cat-otroska-mladinska-literatura","10":"first","11":"instock","12":"taxable","13":"shipping-taxable","14":"purchasable","15":"product-type-simple"},"jetpack_sharing_enabled":true,"_links":{"self":[{"href":"https:\/\/www.antikvariat-vodnik.si\/index.php?rest_route=\/wp\/v2\/product\/27120","targetHints":{"allow":["GET"]}}],"collection":[{"href":"https:\/\/www.antikvariat-vodnik.si\/index.php?rest_route=\/wp\/v2\/product"}],"about":[{"href":"https:\/\/www.antikvariat-vodnik.si\/index.php?rest_route=\/wp\/v2\/types\/product"}],"wp:featuredmedia":[{"embeddable":true,"href":"https:\/\/www.antikvariat-vodnik.si\/index.php?rest_route=\/wp\/v2\/media\/27122"}],"wp:attachment":[{"href":"https:\/\/www.antikvariat-vodnik.si\/index.php?rest_route=%2Fwp%2Fv2%2Fmedia&parent=27120"}],"wp:term":[{"taxonomy":"product_brand","embeddable":true,"href":"https:\/\/www.antikvariat-vodnik.si\/index.php?rest_route=%2Fwp%2Fv2%2Fproduct_brand&post=27120"},{"taxonomy":"product_cat","embeddable":true,"href":"https:\/\/www.antikvariat-vodnik.si\/index.php?rest_route=%2Fwp%2Fv2%2Fproduct_cat&post=27120"},{"taxonomy":"product_tag","embeddable":true,"href":"https:\/\/www.antikvariat-vodnik.si\/index.php?rest_route=%2Fwp%2Fv2%2Fproduct_tag&post=27120"}],"curies":[{"name":"wp","href":"https:\/\/api.w.org\/{rel}","templated":true}]}}