{"id":26913,"date":"2022-07-02T17:28:11","date_gmt":"2022-07-02T15:28:11","guid":{"rendered":"https:\/\/www.antikvariat-vodnik.si\/?post_type=product&#038;p=26913"},"modified":"2022-07-02T17:28:29","modified_gmt":"2022-07-02T15:28:29","slug":"slovenske-rudarske-pesmi-tine-lenarcic","status":"publish","type":"product","link":"https:\/\/www.antikvariat-vodnik.si\/?product=slovenske-rudarske-pesmi-tine-lenarcic","title":{"rendered":"SLOVENSKE RUDARSKE PESMI, Tine Lenar\u010di\u010d"},"content":{"rendered":"<p>416 strani, trda vezava, \u0161\u010ditni ovitek, 20,5 cm, Trbovlje, 1983, lepo ohranjena<\/p>\n","protected":false},"excerpt":{"rendered":"<p>416 strani, trda vezava, \u0161\u010ditni ovitek, 20,5 cm, Trbovlje, 1983, lepo ohranjena<\/p>\n","protected":false},"featured_media":26735,"template":"","meta":{"_monsterinsights_skip_tracking":false,"_monsterinsights_sitenote_active":false,"_monsterinsights_sitenote_note":"","_monsterinsights_sitenote_category":0},"product_brand":[],"product_cat":[17,16,27,66],"product_tag":[],"class_list":{"0":"post-26913","1":"product","2":"type-product","3":"status-publish","4":"has-post-thumbnail","6":"product_cat-antikvarne-knjige","7":"product_cat-katalog-knjig","8":"product_cat-leposlovje","9":"product_cat-poezija","11":"first","12":"instock","13":"taxable","14":"shipping-taxable","15":"purchasable","16":"product-type-simple"},"jetpack_sharing_enabled":true,"_links":{"self":[{"href":"https:\/\/www.antikvariat-vodnik.si\/index.php?rest_route=\/wp\/v2\/product\/26913","targetHints":{"allow":["GET"]}}],"collection":[{"href":"https:\/\/www.antikvariat-vodnik.si\/index.php?rest_route=\/wp\/v2\/product"}],"about":[{"href":"https:\/\/www.antikvariat-vodnik.si\/index.php?rest_route=\/wp\/v2\/types\/product"}],"wp:featuredmedia":[{"embeddable":true,"href":"https:\/\/www.antikvariat-vodnik.si\/index.php?rest_route=\/wp\/v2\/media\/26735"}],"wp:attachment":[{"href":"https:\/\/www.antikvariat-vodnik.si\/index.php?rest_route=%2Fwp%2Fv2%2Fmedia&parent=26913"}],"wp:term":[{"taxonomy":"product_brand","embeddable":true,"href":"https:\/\/www.antikvariat-vodnik.si\/index.php?rest_route=%2Fwp%2Fv2%2Fproduct_brand&post=26913"},{"taxonomy":"product_cat","embeddable":true,"href":"https:\/\/www.antikvariat-vodnik.si\/index.php?rest_route=%2Fwp%2Fv2%2Fproduct_cat&post=26913"},{"taxonomy":"product_tag","embeddable":true,"href":"https:\/\/www.antikvariat-vodnik.si\/index.php?rest_route=%2Fwp%2Fv2%2Fproduct_tag&post=26913"}],"curies":[{"name":"wp","href":"https:\/\/api.w.org\/{rel}","templated":true}]}}