{"id":268,"date":"2020-11-15T21:17:24","date_gmt":"2020-11-15T20:17:24","guid":{"rendered":"https:\/\/www.antikvariat-vodnik.si\/?post_type=product&#038;p=268"},"modified":"2026-04-07T19:25:48","modified_gmt":"2026-04-07T17:25:48","slug":"christian-gostecnik-ofm-psihoanaliza-in-religija","status":"publish","type":"product","link":"https:\/\/www.antikvariat-vodnik.si\/?product=christian-gostecnik-ofm-psihoanaliza-in-religija","title":{"rendered":"Christian Goste\u010dnik OFM, PSIHOANALIZA IN RELIGIJA"},"content":{"rendered":"<p>560 strani, trda vezava, 20,5 cm, izdal: Brat Fran\u010di\u0161ek in Fran\u010di\u0161kanski dru\u017einski in\u0161titut Ljubljana 2001, zelo lepo ohranjeno.<\/p>\n","protected":false},"excerpt":{"rendered":"<p>560 strani, trda vezava, 20,5 cm, izdal: Brat Fran\u010di\u0161ek in Fran\u010di\u0161kanski dru\u017einski in\u0161titut Ljubljana 2001, zelo lepo ohranjeno.<\/p>\n","protected":false},"featured_media":162,"template":"","meta":{"_monsterinsights_skip_tracking":false,"_monsterinsights_sitenote_active":false,"_monsterinsights_sitenote_note":"","_monsterinsights_sitenote_category":0},"product_brand":[],"product_cat":[17,19,16,51,26,30],"product_tag":[],"class_list":{"0":"post-268","1":"product","2":"type-product","3":"status-publish","4":"has-post-thumbnail","6":"product_cat-antikvarne-knjige","7":"product_cat-humanistika-druzboslovje","8":"product_cat-katalog-knjig","9":"product_cat-popularna-psihologija-ezoterika","10":"product_cat-prirocniki-uporabne-vede-duhovnost","11":"product_cat-religija","13":"first","14":"instock","15":"taxable","16":"shipping-taxable","17":"purchasable","18":"product-type-simple"},"jetpack_sharing_enabled":true,"_links":{"self":[{"href":"https:\/\/www.antikvariat-vodnik.si\/index.php?rest_route=\/wp\/v2\/product\/268","targetHints":{"allow":["GET"]}}],"collection":[{"href":"https:\/\/www.antikvariat-vodnik.si\/index.php?rest_route=\/wp\/v2\/product"}],"about":[{"href":"https:\/\/www.antikvariat-vodnik.si\/index.php?rest_route=\/wp\/v2\/types\/product"}],"wp:featuredmedia":[{"embeddable":true,"href":"https:\/\/www.antikvariat-vodnik.si\/index.php?rest_route=\/wp\/v2\/media\/162"}],"wp:attachment":[{"href":"https:\/\/www.antikvariat-vodnik.si\/index.php?rest_route=%2Fwp%2Fv2%2Fmedia&parent=268"}],"wp:term":[{"taxonomy":"product_brand","embeddable":true,"href":"https:\/\/www.antikvariat-vodnik.si\/index.php?rest_route=%2Fwp%2Fv2%2Fproduct_brand&post=268"},{"taxonomy":"product_cat","embeddable":true,"href":"https:\/\/www.antikvariat-vodnik.si\/index.php?rest_route=%2Fwp%2Fv2%2Fproduct_cat&post=268"},{"taxonomy":"product_tag","embeddable":true,"href":"https:\/\/www.antikvariat-vodnik.si\/index.php?rest_route=%2Fwp%2Fv2%2Fproduct_tag&post=268"}],"curies":[{"name":"wp","href":"https:\/\/api.w.org\/{rel}","templated":true}]}}