{"id":26079,"date":"2022-06-22T19:26:56","date_gmt":"2022-06-22T17:26:56","guid":{"rendered":"https:\/\/www.antikvariat-vodnik.si\/?post_type=product&#038;p=26079"},"modified":"2025-12-20T17:41:20","modified_gmt":"2025-12-20T16:41:20","slug":"ars-sloveniae-nace-sumi","status":"publish","type":"product","link":"https:\/\/www.antikvariat-vodnik.si\/?product=ars-sloveniae-nace-sumi","title":{"rendered":"ARS SLOVENIAE Baro\u010dna arhitektura, Nace \u0160umi"},"content":{"rendered":"<p>Baro\u010dna arhitektura<\/p>\n<p>78 str.+ cca 100 str. slikovnih prilog,\u00a0 trda vezava, \u0161\u010ditni ovitek, 29,3 cm, MK, 1969, lepo ohranjena.<\/p>\n","protected":false},"excerpt":{"rendered":"<p>Baro\u010dna arhitektura 78 str.+ cca 100 str. slikovnih prilog,\u00a0 trda vezava, \u0161\u010ditni ovitek, 29,3 cm, MK, 1969, lepo ohranjena.<\/p>\n","protected":false},"featured_media":25968,"template":"","meta":{"_monsterinsights_skip_tracking":false,"_monsterinsights_sitenote_active":false,"_monsterinsights_sitenote_note":"","_monsterinsights_sitenote_category":0},"product_brand":[],"product_cat":[17,61,16,58,24],"product_tag":[],"class_list":{"0":"post-26079","1":"product","2":"type-product","3":"status-publish","4":"has-post-thumbnail","6":"product_cat-antikvarne-knjige","7":"product_cat-arhitektura-urbanizem","8":"product_cat-katalog-knjig","9":"product_cat-o-umetnosti","10":"product_cat-umetnost","12":"first","13":"instock","14":"taxable","15":"shipping-taxable","16":"purchasable","17":"product-type-simple"},"jetpack_sharing_enabled":true,"_links":{"self":[{"href":"https:\/\/www.antikvariat-vodnik.si\/index.php?rest_route=\/wp\/v2\/product\/26079","targetHints":{"allow":["GET"]}}],"collection":[{"href":"https:\/\/www.antikvariat-vodnik.si\/index.php?rest_route=\/wp\/v2\/product"}],"about":[{"href":"https:\/\/www.antikvariat-vodnik.si\/index.php?rest_route=\/wp\/v2\/types\/product"}],"wp:featuredmedia":[{"embeddable":true,"href":"https:\/\/www.antikvariat-vodnik.si\/index.php?rest_route=\/wp\/v2\/media\/25968"}],"wp:attachment":[{"href":"https:\/\/www.antikvariat-vodnik.si\/index.php?rest_route=%2Fwp%2Fv2%2Fmedia&parent=26079"}],"wp:term":[{"taxonomy":"product_brand","embeddable":true,"href":"https:\/\/www.antikvariat-vodnik.si\/index.php?rest_route=%2Fwp%2Fv2%2Fproduct_brand&post=26079"},{"taxonomy":"product_cat","embeddable":true,"href":"https:\/\/www.antikvariat-vodnik.si\/index.php?rest_route=%2Fwp%2Fv2%2Fproduct_cat&post=26079"},{"taxonomy":"product_tag","embeddable":true,"href":"https:\/\/www.antikvariat-vodnik.si\/index.php?rest_route=%2Fwp%2Fv2%2Fproduct_tag&post=26079"}],"curies":[{"name":"wp","href":"https:\/\/api.w.org\/{rel}","templated":true}]}}