{"id":25391,"date":"2022-06-09T15:17:02","date_gmt":"2022-06-09T13:17:02","guid":{"rendered":"https:\/\/www.antikvariat-vodnik.si\/?post_type=product&#038;p=25391"},"modified":"2023-10-10T15:56:04","modified_gmt":"2023-10-10T13:56:04","slug":"harry-potter-kamen-modrosti-1-knjiga-iz-serije-j-k-rowling-trda-vezava","status":"publish","type":"product","link":"https:\/\/www.antikvariat-vodnik.si\/?product=harry-potter-kamen-modrosti-1-knjiga-iz-serije-j-k-rowling-trda-vezava","title":{"rendered":"Harry Potter: Kamen modrosti   (1. knjiga iz serije), J. K. Rowling TRDA VEZAVA"},"content":{"rendered":"<p>Kamen modrosti je prva knjiga v zbirki o mladem \u010darovniku, ki je obnorela mlade in stare ljubitelje knji\u017eevnosti \u0161irom sveta.\u200b Roman je bil ve\u010dkrat nagrajen (nagrada Nestl\u00e9 Smarties, britanska otro\u0161ka knjiga leta), zato ni \u010dudno, da bralca kar posrka v svet \u010darovnikov, zmajev in po\u0161asti.<\/p>\n","protected":false},"excerpt":{"rendered":"<p>Kamen modrosti je prva knjiga v zbirki o mladem \u010darovniku, ki je obnorela mlade in stare ljubitelje knji\u017eevnosti \u0161irom sveta.\u200b Roman je bil ve\u010dkrat nagrajen (nagrada Nestl\u00e9 Smarties, britanska otro\u0161ka knjiga leta), zato ni \u010dudno, da bralca kar posrka v svet \u010darovnikov, zmajev in po\u0161asti.<\/p>\n","protected":false},"featured_media":25392,"template":"","meta":{"_monsterinsights_skip_tracking":false,"_monsterinsights_sitenote_active":false,"_monsterinsights_sitenote_note":"","_monsterinsights_sitenote_category":0},"product_brand":[],"product_cat":[18,40],"product_tag":[],"class_list":{"0":"post-25391","1":"product","2":"type-product","3":"status-publish","4":"has-post-thumbnail","6":"product_cat-nove-knjige","7":"product_cat-otroska-mladinska-literatura","9":"first","10":"outofstock","11":"taxable","12":"shipping-taxable","13":"purchasable","14":"product-type-simple"},"jetpack_sharing_enabled":true,"_links":{"self":[{"href":"https:\/\/www.antikvariat-vodnik.si\/index.php?rest_route=\/wp\/v2\/product\/25391","targetHints":{"allow":["GET"]}}],"collection":[{"href":"https:\/\/www.antikvariat-vodnik.si\/index.php?rest_route=\/wp\/v2\/product"}],"about":[{"href":"https:\/\/www.antikvariat-vodnik.si\/index.php?rest_route=\/wp\/v2\/types\/product"}],"wp:featuredmedia":[{"embeddable":true,"href":"https:\/\/www.antikvariat-vodnik.si\/index.php?rest_route=\/wp\/v2\/media\/25392"}],"wp:attachment":[{"href":"https:\/\/www.antikvariat-vodnik.si\/index.php?rest_route=%2Fwp%2Fv2%2Fmedia&parent=25391"}],"wp:term":[{"taxonomy":"product_brand","embeddable":true,"href":"https:\/\/www.antikvariat-vodnik.si\/index.php?rest_route=%2Fwp%2Fv2%2Fproduct_brand&post=25391"},{"taxonomy":"product_cat","embeddable":true,"href":"https:\/\/www.antikvariat-vodnik.si\/index.php?rest_route=%2Fwp%2Fv2%2Fproduct_cat&post=25391"},{"taxonomy":"product_tag","embeddable":true,"href":"https:\/\/www.antikvariat-vodnik.si\/index.php?rest_route=%2Fwp%2Fv2%2Fproduct_tag&post=25391"}],"curies":[{"name":"wp","href":"https:\/\/api.w.org\/{rel}","templated":true}]}}