{"id":24783,"date":"2022-05-30T16:12:26","date_gmt":"2022-05-30T14:12:26","guid":{"rendered":"https:\/\/www.antikvariat-vodnik.si\/?post_type=product&#038;p=24783"},"modified":"2022-05-30T16:13:09","modified_gmt":"2022-05-30T14:13:09","slug":"geo-epoche-edition-die-gesichte-der-kunst","status":"publish","type":"product","link":"https:\/\/www.antikvariat-vodnik.si\/?product=geo-epoche-edition-die-gesichte-der-kunst","title":{"rendered":"GEO EPOCHE EDITION, DIE GESICHTE DER KUNST"},"content":{"rendered":"<p>V nem\u0161\u010dini<\/p>\n<p>Die Kunst des Mittelalter (reviji prilo\u017een CD), 132 strani, mehka vezava, 23 x 30 cm, 2012, lepo ohranjeno.<\/p>\n","protected":false},"excerpt":{"rendered":"<p>V nem\u0161\u010dini Die Kunst des Mittelalter (reviji prilo\u017een CD), 132 strani, mehka vezava, 23 x 30 cm, 2012, lepo ohranjeno.<\/p>\n","protected":false},"featured_media":24619,"template":"","meta":{"_monsterinsights_skip_tracking":false,"_monsterinsights_sitenote_active":false,"_monsterinsights_sitenote_note":"","_monsterinsights_sitenote_category":0},"product_brand":[],"product_cat":[17,16,58,24],"product_tag":[],"class_list":{"0":"post-24783","1":"product","2":"type-product","3":"status-publish","4":"has-post-thumbnail","6":"product_cat-antikvarne-knjige","7":"product_cat-katalog-knjig","8":"product_cat-o-umetnosti","9":"product_cat-umetnost","11":"first","12":"instock","13":"taxable","14":"shipping-taxable","15":"purchasable","16":"product-type-simple"},"jetpack_sharing_enabled":true,"_links":{"self":[{"href":"https:\/\/www.antikvariat-vodnik.si\/index.php?rest_route=\/wp\/v2\/product\/24783","targetHints":{"allow":["GET"]}}],"collection":[{"href":"https:\/\/www.antikvariat-vodnik.si\/index.php?rest_route=\/wp\/v2\/product"}],"about":[{"href":"https:\/\/www.antikvariat-vodnik.si\/index.php?rest_route=\/wp\/v2\/types\/product"}],"wp:featuredmedia":[{"embeddable":true,"href":"https:\/\/www.antikvariat-vodnik.si\/index.php?rest_route=\/wp\/v2\/media\/24619"}],"wp:attachment":[{"href":"https:\/\/www.antikvariat-vodnik.si\/index.php?rest_route=%2Fwp%2Fv2%2Fmedia&parent=24783"}],"wp:term":[{"taxonomy":"product_brand","embeddable":true,"href":"https:\/\/www.antikvariat-vodnik.si\/index.php?rest_route=%2Fwp%2Fv2%2Fproduct_brand&post=24783"},{"taxonomy":"product_cat","embeddable":true,"href":"https:\/\/www.antikvariat-vodnik.si\/index.php?rest_route=%2Fwp%2Fv2%2Fproduct_cat&post=24783"},{"taxonomy":"product_tag","embeddable":true,"href":"https:\/\/www.antikvariat-vodnik.si\/index.php?rest_route=%2Fwp%2Fv2%2Fproduct_tag&post=24783"}],"curies":[{"name":"wp","href":"https:\/\/api.w.org\/{rel}","templated":true}]}}