{"id":24740,"date":"2022-05-27T17:19:35","date_gmt":"2022-05-27T15:19:35","guid":{"rendered":"https:\/\/www.antikvariat-vodnik.si\/?post_type=product&#038;p=24740"},"modified":"2025-06-14T17:39:02","modified_gmt":"2025-06-14T15:39:02","slug":"krizev-pot-antona-cebeja-v-okviru-tradicije-fernand-serbelj","status":"publish","type":"product","link":"https:\/\/www.antikvariat-vodnik.si\/?product=krizev-pot-antona-cebeja-v-okviru-tradicije-fernand-serbelj","title":{"rendered":"KRI\u017dEV POT ANTONA CEBEJA V OKVIRU TRADICIJE, Fernand \u0160erbelj"},"content":{"rendered":"<p>168 strani, \u0161ivano+\u0161\u010ditni ovitek, 22 x 26 cm, Narodna galerija 2004, zelo lepo ohranjeno.<\/p>\n","protected":false},"excerpt":{"rendered":"<p>168 strani, \u0161ivano+\u0161\u010ditni ovitek, 22 x 26 cm, Narodna galerija 2004, zelo lepo ohranjeno.<\/p>\n","protected":false},"featured_media":24567,"template":"","meta":{"_monsterinsights_skip_tracking":false,"_monsterinsights_sitenote_active":false,"_monsterinsights_sitenote_note":"","_monsterinsights_sitenote_category":0},"product_brand":[],"product_cat":[17,16,58,24],"product_tag":[],"class_list":{"0":"post-24740","1":"product","2":"type-product","3":"status-publish","4":"has-post-thumbnail","6":"product_cat-antikvarne-knjige","7":"product_cat-katalog-knjig","8":"product_cat-o-umetnosti","9":"product_cat-umetnost","11":"first","12":"instock","13":"taxable","14":"shipping-taxable","15":"purchasable","16":"product-type-simple"},"jetpack_sharing_enabled":true,"_links":{"self":[{"href":"https:\/\/www.antikvariat-vodnik.si\/index.php?rest_route=\/wp\/v2\/product\/24740","targetHints":{"allow":["GET"]}}],"collection":[{"href":"https:\/\/www.antikvariat-vodnik.si\/index.php?rest_route=\/wp\/v2\/product"}],"about":[{"href":"https:\/\/www.antikvariat-vodnik.si\/index.php?rest_route=\/wp\/v2\/types\/product"}],"wp:featuredmedia":[{"embeddable":true,"href":"https:\/\/www.antikvariat-vodnik.si\/index.php?rest_route=\/wp\/v2\/media\/24567"}],"wp:attachment":[{"href":"https:\/\/www.antikvariat-vodnik.si\/index.php?rest_route=%2Fwp%2Fv2%2Fmedia&parent=24740"}],"wp:term":[{"taxonomy":"product_brand","embeddable":true,"href":"https:\/\/www.antikvariat-vodnik.si\/index.php?rest_route=%2Fwp%2Fv2%2Fproduct_brand&post=24740"},{"taxonomy":"product_cat","embeddable":true,"href":"https:\/\/www.antikvariat-vodnik.si\/index.php?rest_route=%2Fwp%2Fv2%2Fproduct_cat&post=24740"},{"taxonomy":"product_tag","embeddable":true,"href":"https:\/\/www.antikvariat-vodnik.si\/index.php?rest_route=%2Fwp%2Fv2%2Fproduct_tag&post=24740"}],"curies":[{"name":"wp","href":"https:\/\/api.w.org\/{rel}","templated":true}]}}