{"id":24342,"date":"2022-05-18T17:41:41","date_gmt":"2022-05-18T15:41:41","guid":{"rendered":"https:\/\/www.antikvariat-vodnik.si\/?post_type=product&#038;p=24342"},"modified":"2022-05-18T17:41:59","modified_gmt":"2022-05-18T15:41:59","slug":"sto-deset-let-gasilskega-drustva-ljubljana-mesto-1870-1980","status":"publish","type":"product","link":"https:\/\/www.antikvariat-vodnik.si\/?product=sto-deset-let-gasilskega-drustva-ljubljana-mesto-1870-1980","title":{"rendered":"STO DESET LET GASILSKEGA DRU\u0160TVA LJUBLJANA MESTO 1870-1980"},"content":{"rendered":"<p>168 strani, trda vezava + \u0161\u010ditni ovitek, 22,5 cm, Gasilsko dru\u0161tvo Ljubljana-mesto, 1980, lepo ohranjena<\/p>\n","protected":false},"excerpt":{"rendered":"<p>168 strani, trda vezava + \u0161\u010ditni ovitek, 22,5 cm, Gasilsko dru\u0161tvo Ljubljana-mesto, 1980, lepo ohranjena<\/p>\n","protected":false},"featured_media":24235,"template":"","meta":{"_monsterinsights_skip_tracking":false,"_monsterinsights_sitenote_active":false,"_monsterinsights_sitenote_note":"","_monsterinsights_sitenote_category":0},"product_brand":[],"product_cat":[17,19,16,43],"product_tag":[],"class_list":{"0":"post-24342","1":"product","2":"type-product","3":"status-publish","4":"has-post-thumbnail","6":"product_cat-antikvarne-knjige","7":"product_cat-humanistika-druzboslovje","8":"product_cat-katalog-knjig","9":"product_cat-zgodovina-domoznanstvo","11":"first","12":"instock","13":"taxable","14":"shipping-taxable","15":"purchasable","16":"product-type-simple"},"jetpack_sharing_enabled":true,"_links":{"self":[{"href":"https:\/\/www.antikvariat-vodnik.si\/index.php?rest_route=\/wp\/v2\/product\/24342","targetHints":{"allow":["GET"]}}],"collection":[{"href":"https:\/\/www.antikvariat-vodnik.si\/index.php?rest_route=\/wp\/v2\/product"}],"about":[{"href":"https:\/\/www.antikvariat-vodnik.si\/index.php?rest_route=\/wp\/v2\/types\/product"}],"wp:featuredmedia":[{"embeddable":true,"href":"https:\/\/www.antikvariat-vodnik.si\/index.php?rest_route=\/wp\/v2\/media\/24235"}],"wp:attachment":[{"href":"https:\/\/www.antikvariat-vodnik.si\/index.php?rest_route=%2Fwp%2Fv2%2Fmedia&parent=24342"}],"wp:term":[{"taxonomy":"product_brand","embeddable":true,"href":"https:\/\/www.antikvariat-vodnik.si\/index.php?rest_route=%2Fwp%2Fv2%2Fproduct_brand&post=24342"},{"taxonomy":"product_cat","embeddable":true,"href":"https:\/\/www.antikvariat-vodnik.si\/index.php?rest_route=%2Fwp%2Fv2%2Fproduct_cat&post=24342"},{"taxonomy":"product_tag","embeddable":true,"href":"https:\/\/www.antikvariat-vodnik.si\/index.php?rest_route=%2Fwp%2Fv2%2Fproduct_tag&post=24342"}],"curies":[{"name":"wp","href":"https:\/\/api.w.org\/{rel}","templated":true}]}}