{"id":24336,"date":"2022-05-18T16:41:27","date_gmt":"2022-05-18T14:41:27","guid":{"rendered":"https:\/\/www.antikvariat-vodnik.si\/?post_type=product&#038;p=24336"},"modified":"2024-11-28T18:20:43","modified_gmt":"2024-11-28T17:20:43","slug":"kronika-cebelarstva-na-rakeku-miroslav-juvancic-2","status":"publish","type":"product","link":"https:\/\/www.antikvariat-vodnik.si\/?product=kronika-cebelarstva-na-rakeku-miroslav-juvancic-2","title":{"rendered":"KRONIKA \u010cEBELARSTVA NA RAKEKU, Miroslav Juvan\u010di\u010d"},"content":{"rendered":"<p>280 strani, trda vezava + \u0161\u010ditni ovitek, 24 cm, \u010cebelarsko dru\u0161tvo, 2019, kot nova<\/p>\n","protected":false},"excerpt":{"rendered":"<p>280 strani, trda vezava + \u0161\u010ditni ovitek, 24 cm, \u010cebelarsko dru\u0161tvo, 2019, kot nova<\/p>\n","protected":false},"featured_media":24259,"template":"","meta":{"_monsterinsights_skip_tracking":false,"_monsterinsights_sitenote_active":false,"_monsterinsights_sitenote_note":"","_monsterinsights_sitenote_category":0},"product_brand":[],"product_cat":[17,16,26,53],"product_tag":[],"class_list":{"0":"post-24336","1":"product","2":"type-product","3":"status-publish","4":"has-post-thumbnail","6":"product_cat-antikvarne-knjige","7":"product_cat-katalog-knjig","8":"product_cat-prirocniki-uporabne-vede-duhovnost","9":"product_cat-rastline-vrt-zivali","11":"first","12":"instock","13":"taxable","14":"shipping-taxable","15":"purchasable","16":"product-type-simple"},"jetpack_sharing_enabled":true,"_links":{"self":[{"href":"https:\/\/www.antikvariat-vodnik.si\/index.php?rest_route=\/wp\/v2\/product\/24336","targetHints":{"allow":["GET"]}}],"collection":[{"href":"https:\/\/www.antikvariat-vodnik.si\/index.php?rest_route=\/wp\/v2\/product"}],"about":[{"href":"https:\/\/www.antikvariat-vodnik.si\/index.php?rest_route=\/wp\/v2\/types\/product"}],"wp:featuredmedia":[{"embeddable":true,"href":"https:\/\/www.antikvariat-vodnik.si\/index.php?rest_route=\/wp\/v2\/media\/24259"}],"wp:attachment":[{"href":"https:\/\/www.antikvariat-vodnik.si\/index.php?rest_route=%2Fwp%2Fv2%2Fmedia&parent=24336"}],"wp:term":[{"taxonomy":"product_brand","embeddable":true,"href":"https:\/\/www.antikvariat-vodnik.si\/index.php?rest_route=%2Fwp%2Fv2%2Fproduct_brand&post=24336"},{"taxonomy":"product_cat","embeddable":true,"href":"https:\/\/www.antikvariat-vodnik.si\/index.php?rest_route=%2Fwp%2Fv2%2Fproduct_cat&post=24336"},{"taxonomy":"product_tag","embeddable":true,"href":"https:\/\/www.antikvariat-vodnik.si\/index.php?rest_route=%2Fwp%2Fv2%2Fproduct_tag&post=24336"}],"curies":[{"name":"wp","href":"https:\/\/api.w.org\/{rel}","templated":true}]}}