{"id":24185,"date":"2022-05-14T18:24:23","date_gmt":"2022-05-14T16:24:23","guid":{"rendered":"https:\/\/www.antikvariat-vodnik.si\/?post_type=product&#038;p=24185"},"modified":"2022-05-14T18:48:04","modified_gmt":"2022-05-14T16:48:04","slug":"razvoj-papirnice-vevce-janez-lednik-in-drugi","status":"publish","type":"product","link":"https:\/\/www.antikvariat-vodnik.si\/?product=razvoj-papirnice-vevce-janez-lednik-in-drugi","title":{"rendered":"RAZVOJ PAPIRNICE VEV\u010cE, Janez Lednik in drugi"},"content":{"rendered":"<p>164 strani, trda vezava, \u0161\u010ditni ovitek, 24 cm, Papirnica Vev\u010de, 1982, lepo ohranjena<\/p>\n","protected":false},"excerpt":{"rendered":"<p>164 strani, trda vezava, \u0161\u010ditni ovitek, 24 cm, Papirnica Vev\u010de, 1982, lepo ohranjena<\/p>\n","protected":false},"featured_media":24052,"template":"","meta":{"_monsterinsights_skip_tracking":false,"_monsterinsights_sitenote_active":false,"_monsterinsights_sitenote_note":"","_monsterinsights_sitenote_category":0},"product_brand":[],"product_cat":[17,19,16,25,57,43],"product_tag":[],"class_list":{"0":"post-24185","1":"product","2":"type-product","3":"status-publish","4":"has-post-thumbnail","6":"product_cat-antikvarne-knjige","7":"product_cat-humanistika-druzboslovje","8":"product_cat-katalog-knjig","9":"product_cat-naravoslovje-medicina-tehnika","10":"product_cat-tehnika","11":"product_cat-zgodovina-domoznanstvo","13":"first","14":"instock","15":"taxable","16":"shipping-taxable","17":"purchasable","18":"product-type-simple"},"jetpack_sharing_enabled":true,"_links":{"self":[{"href":"https:\/\/www.antikvariat-vodnik.si\/index.php?rest_route=\/wp\/v2\/product\/24185","targetHints":{"allow":["GET"]}}],"collection":[{"href":"https:\/\/www.antikvariat-vodnik.si\/index.php?rest_route=\/wp\/v2\/product"}],"about":[{"href":"https:\/\/www.antikvariat-vodnik.si\/index.php?rest_route=\/wp\/v2\/types\/product"}],"wp:featuredmedia":[{"embeddable":true,"href":"https:\/\/www.antikvariat-vodnik.si\/index.php?rest_route=\/wp\/v2\/media\/24052"}],"wp:attachment":[{"href":"https:\/\/www.antikvariat-vodnik.si\/index.php?rest_route=%2Fwp%2Fv2%2Fmedia&parent=24185"}],"wp:term":[{"taxonomy":"product_brand","embeddable":true,"href":"https:\/\/www.antikvariat-vodnik.si\/index.php?rest_route=%2Fwp%2Fv2%2Fproduct_brand&post=24185"},{"taxonomy":"product_cat","embeddable":true,"href":"https:\/\/www.antikvariat-vodnik.si\/index.php?rest_route=%2Fwp%2Fv2%2Fproduct_cat&post=24185"},{"taxonomy":"product_tag","embeddable":true,"href":"https:\/\/www.antikvariat-vodnik.si\/index.php?rest_route=%2Fwp%2Fv2%2Fproduct_tag&post=24185"}],"curies":[{"name":"wp","href":"https:\/\/api.w.org\/{rel}","templated":true}]}}