{"id":23834,"date":"2022-05-06T15:42:46","date_gmt":"2022-05-06T13:42:46","guid":{"rendered":"https:\/\/www.antikvariat-vodnik.si\/?post_type=product&#038;p=23834"},"modified":"2026-03-12T17:46:40","modified_gmt":"2026-03-12T16:46:40","slug":"stare-grske-bajke-eduard-petiska","status":"publish","type":"product","link":"https:\/\/www.antikvariat-vodnik.si\/?product=stare-grske-bajke-eduard-petiska","title":{"rendered":"STARE GR\u0160KE BAJKE, Eduard Peti\u0161ka"},"content":{"rendered":"<p>V tej knjigi so \u017eivo opisane najznamenitej\u0161e prigode olimpijskih bogov in neustra\u0161nih junakov, ki govorijo o \u010dlove\u0161kih bojaznih, hrepenenju, pogumu in ljubezni. Pred na\u0161imi o\u010dmi znova za\u017eivijo Prometej, Sizif, Ojdip, Odisejeva potovanja, vesoljni potop, trojanska vojna in \u0161tevilne druge legende. Stare gr\u0161ke bajke so polne napetih in nenavadnih dogodiv\u0161\u010din, ki \u017ee desetletja navdu\u0161ujejo mlade bralce in njihove star\u0161e.<\/p>\n","protected":false},"excerpt":{"rendered":"<p>V tej knjigi so \u017eivo opisane najznamenitej\u0161e prigode olimpijskih bogov in neustra\u0161nih junakov, ki govorijo o \u010dlove\u0161kih bojaznih, hrepenenju, pogumu in ljubezni. Pred na\u0161imi o\u010dmi znova za\u017eivijo Prometej, Sizif, Ojdip, Odisejeva potovanja, vesoljni potop, trojanska vojna in \u0161tevilne druge legende. Stare gr\u0161ke bajke so polne napetih in nenavadnih dogodiv\u0161\u010din, ki \u017ee desetletja navdu\u0161ujejo mlade bralce [&hellip;]<\/p>\n","protected":false},"featured_media":23835,"template":"","meta":{"_monsterinsights_skip_tracking":false,"_monsterinsights_sitenote_active":false,"_monsterinsights_sitenote_note":"","_monsterinsights_sitenote_category":0},"product_brand":[],"product_cat":[36,18],"product_tag":[],"class_list":{"0":"post-23834","1":"product","2":"type-product","3":"status-publish","4":"has-post-thumbnail","6":"product_cat-leposlovje-nove-knjige","7":"product_cat-nove-knjige","9":"first","10":"instock","11":"taxable","12":"shipping-taxable","13":"purchasable","14":"product-type-simple"},"jetpack_sharing_enabled":true,"_links":{"self":[{"href":"https:\/\/www.antikvariat-vodnik.si\/index.php?rest_route=\/wp\/v2\/product\/23834","targetHints":{"allow":["GET"]}}],"collection":[{"href":"https:\/\/www.antikvariat-vodnik.si\/index.php?rest_route=\/wp\/v2\/product"}],"about":[{"href":"https:\/\/www.antikvariat-vodnik.si\/index.php?rest_route=\/wp\/v2\/types\/product"}],"wp:featuredmedia":[{"embeddable":true,"href":"https:\/\/www.antikvariat-vodnik.si\/index.php?rest_route=\/wp\/v2\/media\/23835"}],"wp:attachment":[{"href":"https:\/\/www.antikvariat-vodnik.si\/index.php?rest_route=%2Fwp%2Fv2%2Fmedia&parent=23834"}],"wp:term":[{"taxonomy":"product_brand","embeddable":true,"href":"https:\/\/www.antikvariat-vodnik.si\/index.php?rest_route=%2Fwp%2Fv2%2Fproduct_brand&post=23834"},{"taxonomy":"product_cat","embeddable":true,"href":"https:\/\/www.antikvariat-vodnik.si\/index.php?rest_route=%2Fwp%2Fv2%2Fproduct_cat&post=23834"},{"taxonomy":"product_tag","embeddable":true,"href":"https:\/\/www.antikvariat-vodnik.si\/index.php?rest_route=%2Fwp%2Fv2%2Fproduct_tag&post=23834"}],"curies":[{"name":"wp","href":"https:\/\/api.w.org\/{rel}","templated":true}]}}