{"id":23590,"date":"2022-04-26T16:48:41","date_gmt":"2022-04-26T14:48:41","guid":{"rendered":"https:\/\/www.antikvariat-vodnik.si\/?post_type=product&#038;p=23590"},"modified":"2022-04-26T16:48:57","modified_gmt":"2022-04-26T14:48:57","slug":"bozjo-voljo-spolnjevati-anton-strukelj","status":"publish","type":"product","link":"https:\/\/www.antikvariat-vodnik.si\/?product=bozjo-voljo-spolnjevati-anton-strukelj","title":{"rendered":"BO\u017dJO VOLJO SPOLNJEVATI, Anton \u0160trukelj"},"content":{"rendered":"<p>744 strani, trda vezava + \u0161\u010ditni ovitek, 24 cm, Mohorjeva dru\u017eba, 1995, lepo ohranjena<\/p>\n","protected":false},"excerpt":{"rendered":"<p>744 strani, trda vezava + \u0161\u010ditni ovitek, 24 cm, Mohorjeva dru\u017eba, 1995, lepo ohranjena<\/p>\n","protected":false},"featured_media":23440,"template":"","meta":{"_monsterinsights_skip_tracking":false,"_monsterinsights_sitenote_active":false,"_monsterinsights_sitenote_note":"","_monsterinsights_sitenote_category":0},"product_brand":[],"product_cat":[17,19,16,30],"product_tag":[],"class_list":{"0":"post-23590","1":"product","2":"type-product","3":"status-publish","4":"has-post-thumbnail","6":"product_cat-antikvarne-knjige","7":"product_cat-humanistika-druzboslovje","8":"product_cat-katalog-knjig","9":"product_cat-religija","11":"first","12":"instock","13":"taxable","14":"shipping-taxable","15":"purchasable","16":"product-type-simple"},"jetpack_sharing_enabled":true,"_links":{"self":[{"href":"https:\/\/www.antikvariat-vodnik.si\/index.php?rest_route=\/wp\/v2\/product\/23590","targetHints":{"allow":["GET"]}}],"collection":[{"href":"https:\/\/www.antikvariat-vodnik.si\/index.php?rest_route=\/wp\/v2\/product"}],"about":[{"href":"https:\/\/www.antikvariat-vodnik.si\/index.php?rest_route=\/wp\/v2\/types\/product"}],"wp:featuredmedia":[{"embeddable":true,"href":"https:\/\/www.antikvariat-vodnik.si\/index.php?rest_route=\/wp\/v2\/media\/23440"}],"wp:attachment":[{"href":"https:\/\/www.antikvariat-vodnik.si\/index.php?rest_route=%2Fwp%2Fv2%2Fmedia&parent=23590"}],"wp:term":[{"taxonomy":"product_brand","embeddable":true,"href":"https:\/\/www.antikvariat-vodnik.si\/index.php?rest_route=%2Fwp%2Fv2%2Fproduct_brand&post=23590"},{"taxonomy":"product_cat","embeddable":true,"href":"https:\/\/www.antikvariat-vodnik.si\/index.php?rest_route=%2Fwp%2Fv2%2Fproduct_cat&post=23590"},{"taxonomy":"product_tag","embeddable":true,"href":"https:\/\/www.antikvariat-vodnik.si\/index.php?rest_route=%2Fwp%2Fv2%2Fproduct_tag&post=23590"}],"curies":[{"name":"wp","href":"https:\/\/api.w.org\/{rel}","templated":true}]}}